{"id":73,"date":"2022-01-15T12:38:32","date_gmt":"2022-01-15T11:38:32","guid":{"rendered":"https:\/\/sklep.futrzon.pl\/?post_type=product&#038;p=73"},"modified":"2024-12-03T20:01:30","modified_gmt":"2024-12-03T19:01:30","slug":"olejek-cbd-4-30-ml","status":"publish","type":"product","link":"https:\/\/sklep.futrzon.pl\/index.php\/product\/olejek-cbd-4-30-ml\/","title":{"rendered":"Olejek CBD 4% 30 ml"},"content":{"rendered":"<p class=\"gwp8ee495ab_MsoNormal\">CBD to organiczny zwi\u0105zek chemiczny z grupy kannabinoid\u00f3w wyst\u0119puj\u0105cych w konopiach. W przeciwie\u0144stwie do delta-9-tetrahydrokannabinolu (THC), nie ma dzia\u0142ania odurzaj\u0105cego, nie uzale\u017cnia i jest ca\u0142kowicie legalny.<\/p>\n<p class=\"gwp8ee495ab_MsoNormal\">Dost\u0119pne w sklepie\u00a0<a href=\"https:\/\/sklep.futrzon.pl\/\" rel=\"noopener noreferrer\" data-saferedirecturl=\"https:\/\/zasobygwp.pl\/redirect?sig=b99e4e0bd530f1f1868fdd9d5bbc2fff70320b676515c5a8bace2d7a454a4151&amp;url=aHR0cDovL3NrbGVwLmZ1dHJ6b24ucGw=&amp;platform=desktop&amp;brand=wp\">sklep.futrzon.pl<\/a>\u00a0olejki CBD tworzone s\u0105 bezpieczn\u0105 metod\u0105 ekstrakcji nadkrytycznym CO2, zachowuj\u0105cej wszystkie w\u0142a\u015bciwo\u015bci konopi siewnych. Ka\u017cdy olejek posiada numer weterynaryjny, co jest potwierdzeniem wysokiej jako\u015bci produktu, bezpiecze\u0144stwa wytwarzania i faktycznego st\u0119\u017cenia CBD w olejku.<\/p>\n<p class=\"gwp8ee495ab_gmail-p\">Produkt dost\u0119pny w dw\u00f3ch obj\u0119to\u015bciach 10 oraz 30ml.<\/p>\n<p class=\"gwp8ee495ab_MsoNormal\">&gt;&gt;&gt; Wyprodukowano pod nadzorem weterynarii: NR WET. PL 2470048p\u00a0&lt;&lt;&lt;<\/p>\n<p class=\"gwp8ee495ab_MsoNormal\">Skuteczno\u015b\u0107 CBD zale\u017cy od indywidualnego dobrania st\u0119\u017cenia i dawki do zwierz\u0119cia. Stosowanie \u201ejakiego\u015b\u201d CBD wed\u0142ug dawki zaleconej na ulotce informacyjnej mo\u017ce skutkowa\u0107 brakiem widzialnych i odczuwalnych efekt\u00f3w.<\/p>\n<p class=\"gwp8ee495ab_MsoNormal\">Ka\u017cdy pies czy kot jest inny, ma inn\u0105 mas\u0119, wiek, stan zdrowia, do\u015bwiadczenia, kt\u00f3re sprawiaj\u0105, \u017ce jego opiekun szuka wsparcia dla swojego pupila.<\/p>\n<p class=\"gwp8ee495ab_MsoNormal\">Dlatego zanim kupisz olejek \u2013 porozmawiajmy.<\/p>\n<p class=\"gwp8ee495ab_gmail-MsoListParagraphCxSpFirst\">\u00d8\u00a0\u00a0pomog\u0119 Ci dobra\u0107 w\u0142a\u015bciwy produkt,<\/p>\n<p class=\"gwp8ee495ab_gmail-MsoListParagraphCxSpMiddle\">\u00d8\u00a0\u00a0wyja\u015bni\u0119, jak go podawa\u0107,<\/p>\n<p class=\"gwp8ee495ab_gmail-MsoListParagraphCxSpLast\">\u00d8\u00a0\u00a0b\u0119dziemy wsp\u00f3lnie monitorowali wp\u0142yw olejku na Twojego czworono\u017cnego przyjaciela.<\/p>\n<p class=\"gwp8ee495ab_MsoNormal\"><b>W jakich sytuacjach stosowanie CBD mo\u017ce okaza\u0107 si\u0119 pomocne:<\/b><\/p>\n<p class=\"gwp8ee495ab_gmail-MsoListParagraphCxSpFirst\">\u00b7\u00a0\u00a0\u00a0\u00a0\u00a0\u00a0\u00a0zmniejszenie niepokoju w przypadku l\u0119ku separacyjnego i innych form zachowa\u0144 l\u0119kowych;<\/p>\n<p class=\"gwp8ee495ab_gmail-MsoListParagraphCxSpMiddle\">\u00b7\u00a0\u00a0\u00a0\u00a0\u00a0\u00a0\u00a0wyciszenie u zwierz\u0105t nadpobudliwych;<\/p>\n<p class=\"gwp8ee495ab_gmail-MsoListParagraphCxSpMiddle\">\u00b7\u00a0\u00a0\u00a0\u00a0\u00a0\u00a0\u00a0poprawienie relacji pomi\u0119dzy zwierz\u0119tami lub na linii cz\u0142owiek-zwierz\u0119;<\/p>\n<p class=\"gwp8ee495ab_gmail-MsoListParagraphCxSpMiddle\">\u00b7\u00a0\u00a0\u00a0\u00a0\u00a0\u00a0\u00a0przyspiesza gojenie i regeneracj\u0119 przy zmianach sk\u00f3rnych;<\/p>\n<p class=\"gwp8ee495ab_gmail-MsoListParagraphCxSpMiddle\">\u00b7\u00a0\u00a0\u00a0\u00a0\u00a0\u00a0\u00a0zwi\u0119ksza komfort \u017cycia i ogranicza ilo\u015b\u0107 epizod\u00f3w przy epilepsji i napadach padaczkowych;<\/p>\n<p class=\"gwp8ee495ab_gmail-MsoListParagraphCxSpMiddle\">\u00b7\u00a0\u00a0\u00a0\u00a0\u00a0\u00a0\u00a0\u0142agodzenie b\u00f3lu w chorobach przewlek\u0142ych;<\/p>\n<p class=\"gwp8ee495ab_gmail-MsoListParagraphCxSpMiddle\">\u00b7\u00a0\u00a0\u00a0\u00a0\u00a0\u00a0\u00a0zwi\u0119kszenie \/ regulacja apetytu i wsparcie w przypadku nudno\u015bci;<\/p>\n<p class=\"gwp8ee495ab_gmail-MsoListParagraphCxSpMiddle\">\u00b7\u00a0\u00a0\u00a0\u00a0\u00a0\u00a0\u00a0zmniejszenie przewlek\u0142ych stan\u00f3w zapalnych i chor\u00f3b autoimmunologicznych;<\/p>\n<p class=\"gwp8ee495ab_gmail-MsoListParagraphCxSpMiddle\">\u00b7\u00a0\u00a0\u00a0\u00a0\u00a0\u00a0\u00a0ochronnie dla uk\u0142adu nerwowego i pomocnie w chorobach neurodegeneracyjnych;<\/p>\n<p class=\"gwp8ee495ab_gmail-MsoListParagraphCxSpLast\">\u00b7\u00a0\u00a0\u00a0\u00a0\u00a0\u00a0\u00a0wspieraj\u0105co przy chorobach onkologicznych;<\/p>\n","protected":false},"excerpt":{"rendered":"<p class=\"gwp8ee495ab_MsoNormal\">CBD to organiczny zwi\u0105zek chemiczny z grupy kannabinoid\u00f3w wyst\u0119puj\u0105cych w konopiach. W przeciwie\u0144stwie do delta-9-tetrahydrokannabinolu (THC), nie ma dzia\u0142ania odurzaj\u0105cego, nie uzale\u017cnia i jest ca\u0142kowicie legalny.<\/p>\n<p class=\"gwp8ee495ab_MsoNormal\">Dost\u0119pne w sklepie\u00a0<a href=\"https:\/\/sklep.futrzon.pl\/\" rel=\"noopener noreferrer\" data-saferedirecturl=\"https:\/\/zasobygwp.pl\/redirect?sig=b99e4e0bd530f1f1868fdd9d5bbc2fff70320b676515c5a8bace2d7a454a4151&amp;url=aHR0cDovL3NrbGVwLmZ1dHJ6b24ucGw=&amp;platform=desktop&amp;brand=wp\">sklep.futrzon.pl<\/a>\u00a0olejki CBD tworzone s\u0105 bezpieczn\u0105 metod\u0105 ekstrakcji nadkrytycznym CO2, zachowuj\u0105cej wszystkie w\u0142a\u015bciwo\u015bci konopi siewnych. Ka\u017cdy olejek posiada numer weterynaryjny, co jest potwierdzeniem wysokiej jako\u015bci produktu, bezpiecze\u0144stwa wytwarzania i faktycznego st\u0119\u017cenia CBD w olejku.<\/p>\n","protected":false},"featured_media":74,"template":"","meta":[],"product_cat":[23,16],"product_tag":[38,39],"_links":{"self":[{"href":"https:\/\/sklep.futrzon.pl\/index.php\/wp-json\/wp\/v2\/product\/73"}],"collection":[{"href":"https:\/\/sklep.futrzon.pl\/index.php\/wp-json\/wp\/v2\/product"}],"about":[{"href":"https:\/\/sklep.futrzon.pl\/index.php\/wp-json\/wp\/v2\/types\/product"}],"wp:featuredmedia":[{"embeddable":true,"href":"https:\/\/sklep.futrzon.pl\/index.php\/wp-json\/wp\/v2\/media\/74"}],"wp:attachment":[{"href":"https:\/\/sklep.futrzon.pl\/index.php\/wp-json\/wp\/v2\/media?parent=73"}],"wp:term":[{"taxonomy":"product_cat","embeddable":true,"href":"https:\/\/sklep.futrzon.pl\/index.php\/wp-json\/wp\/v2\/product_cat?post=73"},{"taxonomy":"product_tag","embeddable":true,"href":"https:\/\/sklep.futrzon.pl\/index.php\/wp-json\/wp\/v2\/product_tag?post=73"}],"curies":[{"name":"wp","href":"https:\/\/api.w.org\/{rel}","templated":true}]}}