{"id":46,"date":"2022-01-12T12:40:18","date_gmt":"2022-01-12T11:40:18","guid":{"rendered":"https:\/\/sklep.futrzon.pl\/?post_type=product&#038;p=46"},"modified":"2024-12-03T20:03:02","modified_gmt":"2024-12-03T19:03:02","slug":"zabawka-dla-psa-kaczka","status":"publish","type":"product","link":"https:\/\/sklep.futrzon.pl\/index.php\/product\/zabawka-dla-psa-kaczka\/","title":{"rendered":"Zabawka dla psa \u2013 kaczka"},"content":{"rendered":"<p>Bezpieczna alternatywa dla polowa\u0144 \u2013 zabawa pluszow\u0105 kaczk\u0105. Idealna zabawka dla ps\u00f3w ras ma\u0142ych i \u015brednich, zw\u0142aszcza tych ze smyka\u0142k\u0105 do polowa\u0144. Nadaje si\u0119 zar\u00f3wno do aportowania, jak i ukrywania przed zwierz\u0119ciem, by mog\u0142o je samo wyw\u0119szy\u0107.<\/p>\n<p>Wielko\u015b\u0107 kaczki: 22 cm<\/p>\n","protected":false},"excerpt":{"rendered":"<p>Bezpieczna alternatywa dla polowa\u0144 \u2013 zabawa pluszow\u0105 kaczk\u0105.<\/p>\n","protected":false},"featured_media":47,"template":"","meta":[],"product_cat":[20,16],"product_tag":[36,35,24],"_links":{"self":[{"href":"https:\/\/sklep.futrzon.pl\/index.php\/wp-json\/wp\/v2\/product\/46"}],"collection":[{"href":"https:\/\/sklep.futrzon.pl\/index.php\/wp-json\/wp\/v2\/product"}],"about":[{"href":"https:\/\/sklep.futrzon.pl\/index.php\/wp-json\/wp\/v2\/types\/product"}],"wp:featuredmedia":[{"embeddable":true,"href":"https:\/\/sklep.futrzon.pl\/index.php\/wp-json\/wp\/v2\/media\/47"}],"wp:attachment":[{"href":"https:\/\/sklep.futrzon.pl\/index.php\/wp-json\/wp\/v2\/media?parent=46"}],"wp:term":[{"taxonomy":"product_cat","embeddable":true,"href":"https:\/\/sklep.futrzon.pl\/index.php\/wp-json\/wp\/v2\/product_cat?post=46"},{"taxonomy":"product_tag","embeddable":true,"href":"https:\/\/sklep.futrzon.pl\/index.php\/wp-json\/wp\/v2\/product_tag?post=46"}],"curies":[{"name":"wp","href":"https:\/\/api.w.org\/{rel}","templated":true}]}}