{"id":37,"date":"2022-01-12T12:18:39","date_gmt":"2022-01-12T11:18:39","guid":{"rendered":"https:\/\/sklep.futrzon.pl\/?post_type=product&#038;p=37"},"modified":"2024-12-03T20:03:16","modified_gmt":"2024-12-03T19:03:16","slug":"obroze-swiecace-w-ciemnosci-rozowa","status":"publish","type":"product","link":"https:\/\/sklep.futrzon.pl\/index.php\/product\/obroze-swiecace-w-ciemnosci-rozowa\/","title":{"rendered":"Obro\u017ce \u015bwiec\u0105ce w ciemno\u015bci &#8211; R\u00f3\u017cowa"},"content":{"rendered":"<p class=\"gwp13936971_MsoNormal\">Doskona\u0142a forma zabezpieczenia zwierz\u0119cia przed znikni\u0119ciem po zmroku. Chroni nie tylko przed zgubieniem, ale te\u017c m.in. przed niezauwa\u017conym wbiegni\u0119ciem pod samoch\u00f3d.<\/p>\n<p class=\"gwp13936971_MsoNormal\">Oferowane obro\u017ce s\u0105 na baterie, dzi\u0119ki czemu mog\u0105 by\u0107 stosowane przez wiele miesi\u0119cy \/ lat.<\/p>\n<p>Opiekunowie na w\u0142asn\u0105 odpowiedzialno\u015b\u0107 przypinaj\u0105 smycz psa do obro\u017cy odblaskowej. Rekomendowane jest jej u\u017cywanie jako dodatkowej obro\u017cy, poza g\u0142\u00f3wnym zabezpieczeniem zwierz\u0119cia.<\/p>\n<p>Dwa warianty kolorystyczne:<\/p>\n<p>R\u00f3\u017cowy i niebieski.<\/p>\n<p>Dost\u0119pne rozmiary:<\/p>\n<p>S = szeroko\u015b\u0107 2.5CM * d\u0142ugo\u015b\u0107 (35-43) CM<\/p>\n<p>M = szeroko\u015b\u0107 2.5CM * d\u0142ugo\u015b\u0107 (40-48) CM<\/p>\n<p class=\"gwp13936971_MsoNormal\">L = szeroko\u015b\u0107 2.5CM * d\u0142ugo\u015b\u0107 (45-52) CM<\/p>\n","protected":false},"excerpt":{"rendered":"<p class=\"gwp13936971_MsoNormal\">Doskona\u0142a forma zabezpieczenia zwierz\u0119cia przed znikni\u0119ciem po zmroku. Chroni nie tylko przed zgubieniem, ale te\u017c m.in. przed niezauwa\u017conym wbiegni\u0119ciem pod samoch\u00f3d.<\/p>\n<p class=\"gwp13936971_MsoNormal\">Oferowane obro\u017ce s\u0105 na baterie, dzi\u0119ki czemu mog\u0105 by\u0107 stosowane przez wiele miesi\u0119cy \/ lat.<\/p>\n<p class=\"gwp13936971_MsoNormal\">\n","protected":false},"featured_media":38,"template":"","meta":[],"product_cat":[21,16],"product_tag":[25,27,26,24],"_links":{"self":[{"href":"https:\/\/sklep.futrzon.pl\/index.php\/wp-json\/wp\/v2\/product\/37"}],"collection":[{"href":"https:\/\/sklep.futrzon.pl\/index.php\/wp-json\/wp\/v2\/product"}],"about":[{"href":"https:\/\/sklep.futrzon.pl\/index.php\/wp-json\/wp\/v2\/types\/product"}],"wp:featuredmedia":[{"embeddable":true,"href":"https:\/\/sklep.futrzon.pl\/index.php\/wp-json\/wp\/v2\/media\/38"}],"wp:attachment":[{"href":"https:\/\/sklep.futrzon.pl\/index.php\/wp-json\/wp\/v2\/media?parent=37"}],"wp:term":[{"taxonomy":"product_cat","embeddable":true,"href":"https:\/\/sklep.futrzon.pl\/index.php\/wp-json\/wp\/v2\/product_cat?post=37"},{"taxonomy":"product_tag","embeddable":true,"href":"https:\/\/sklep.futrzon.pl\/index.php\/wp-json\/wp\/v2\/product_tag?post=37"}],"curies":[{"name":"wp","href":"https:\/\/api.w.org\/{rel}","templated":true}]}}