{"id":33,"date":"2022-01-11T19:42:32","date_gmt":"2022-01-11T18:42:32","guid":{"rendered":"https:\/\/sklep.futrzon.pl\/?post_type=product&#038;p=33"},"modified":"2024-12-03T20:03:39","modified_gmt":"2024-12-03T19:03:39","slug":"drewniane-kolczyki-z-motywem-zwierzecym-lapa","status":"publish","type":"product","link":"https:\/\/sklep.futrzon.pl\/index.php\/product\/drewniane-kolczyki-z-motywem-zwierzecym-lapa\/","title":{"rendered":"Drewniane kolczyki z motywem zwierz\u0119cym &#8211; \u0141apa"},"content":{"rendered":"<p>Wyj\u0105tkowe kolczyki dla mi\u0142o\u015bnik\u00f3w naturalnego designu vinted, przyrody i zwierz\u0105t.<br \/>\nKolczyki wykonane z drewna osadzonego na stalowym sztyfcie.<\/p>\n","protected":false},"excerpt":{"rendered":"<p>Wyj\u0105tkowe kolczyki dla mi\u0142o\u015bnik\u00f3w naturalnego designu vinted, przyrody i zwierz\u0105t.<br \/>\nKolczyki wykonane z drewna osadzonego na stalowym sztyfcie.<\/p>\n","protected":false},"featured_media":34,"template":"","meta":[],"product_cat":[22,17,72],"product_tag":[],"_links":{"self":[{"href":"https:\/\/sklep.futrzon.pl\/index.php\/wp-json\/wp\/v2\/product\/33"}],"collection":[{"href":"https:\/\/sklep.futrzon.pl\/index.php\/wp-json\/wp\/v2\/product"}],"about":[{"href":"https:\/\/sklep.futrzon.pl\/index.php\/wp-json\/wp\/v2\/types\/product"}],"wp:featuredmedia":[{"embeddable":true,"href":"https:\/\/sklep.futrzon.pl\/index.php\/wp-json\/wp\/v2\/media\/34"}],"wp:attachment":[{"href":"https:\/\/sklep.futrzon.pl\/index.php\/wp-json\/wp\/v2\/media?parent=33"}],"wp:term":[{"taxonomy":"product_cat","embeddable":true,"href":"https:\/\/sklep.futrzon.pl\/index.php\/wp-json\/wp\/v2\/product_cat?post=33"},{"taxonomy":"product_tag","embeddable":true,"href":"https:\/\/sklep.futrzon.pl\/index.php\/wp-json\/wp\/v2\/product_tag?post=33"}],"curies":[{"name":"wp","href":"https:\/\/api.w.org\/{rel}","templated":true}]}}