{"id":3,"date":"2022-01-08T17:20:59","date_gmt":"2022-01-08T16:20:59","guid":{"rendered":"http:\/\/sklep.futrzon.pl\/?page_id=3"},"modified":"2022-01-30T20:24:35","modified_gmt":"2022-01-30T19:24:35","slug":"polityka-prywatnosci","status":"publish","type":"page","link":"https:\/\/sklep.futrzon.pl\/index.php\/polityka-prywatnosci\/","title":{"rendered":"Polityka prywatno\u015bci"},"content":{"rendered":"<p>[vc_row][vc_column][vc_column_text]<\/p>\r\n<h2><\/h2>\r\n<p style=\"text-align: center;\"><strong>POLITYKA PRYWATNO\u015aCI<\/strong><\/p>\r\n<ul>\r\n<li><strong> 1 INFORMACJE OG\u00d3LNE<\/strong><\/li>\r\n<\/ul>\r\n<p><strong>\u00a0<\/strong><\/p>\r\n<ol>\r\n<li>Polityka prywatno\u015bci Sklepu Internetowego\u00a0<a href=\"http:\/\/www.mosquito-sklep.pl\/\">pl<\/a>\u00a0nie jest \u017ar\u00f3d\u0142em obowi\u0105zk\u00f3w dla Osoby Odwiedzaj\u0105cej i Klienta Sklepu Internetowego. Ma wy\u0142\u0105cznie charakter informacyjny, nie stanowi umowy ani regulaminu.<\/li>\r\n<\/ol>\r\n<p>&nbsp;<\/p>\r\n<ol start=\"2\">\r\n<li>Wszystkie wyra\u017cenia i s\u0142owa zapisywane za pomoc\u0105 wielkiej litery (np. Sklep Internetowy, Klient itd.) nale\u017cy rozumie\u0107 zgodnie z tre\u015bci\u0105\u00a0<a href=\"https:\/\/sklep.futrzon.pl\/index.php\/regulamin-sklepu\/\">Regulaminu Sklepu Internetowego<\/a>.<\/li>\r\n<\/ol>\r\n<p>&nbsp;<\/p>\r\n<ol start=\"3\">\r\n<li>W przypadku zaistnienia jakichkolwiek rozbie\u017cno\u015bci pomi\u0119dzy niniejsz\u0105 Polityk\u0105 prywatno\u015bci a zgodami na przetwarzanie danych osobowych udzielonymi przez osob\u0105 fizyczn\u0105, podstaw\u0105 prawn\u0105 do okre\u015blenia zakresu dzia\u0142a\u0144 Administratora s\u0105 dobrowolnie wyra\u017cone zgody lub przepisy prawa, kt\u00f3re znajduj\u0105 zastosowanie w danej sytuacji faktycznej.<\/li>\r\n<\/ol>\r\n<p>&nbsp;<\/p>\r\n<ul>\r\n<li><strong> 2 ADMINISTARTOR DANYCH OSOBOWYCH<\/strong><\/li>\r\n<\/ul>\r\n<p>&nbsp;<\/p>\r\n<ol>\r\n<li>Administratorem danych osobowych jest Katarzyna Kucharska prowadz\u0105ca dzia\u0142alno\u015b\u0107 gospodarcz\u0105 pod nazw\u0105\u00a0 FUTRZON KATARZYNA KUCHARSKA wpisana do Centralnej Ewidencji i Informacji o Dzia\u0142alno\u015bci Gospodarczej (CEIDG), NIP 7331301354, REGON 382683490.<\/li>\r\n<\/ol>\r\n<p>&nbsp;<\/p>\r\n<ol start=\"2\">\r\n<li>Inspektorem Ochrony Danych w firmie FUTRZON KATARZYNA KUCHARSKA jest KATARZYNA KUCHARSKA. Kontakt za po\u015brednictwem adresu e-mail:\u00a0kontakt@futrzon.pl<\/li>\r\n<\/ol>\r\n<p>&nbsp;<\/p>\r\n<ol start=\"3\">\r\n<li>Na wskazany adres mo\u017cna r\u00f3wnie\u017c przesy\u0142a\u0107 \u017c\u0105danie udost\u0119pnienia informacji o tym, jakie dane osobowe zosta\u0142y zgromadzone oraz w jakich celach s\u0105 przetwarzane.<\/li>\r\n<\/ol>\r\n<p>&nbsp;<\/p>\r\n<ol start=\"4\">\r\n<li>Administrator przechowuje korespondencj\u0119 w celach statystycznych oraz w celu ulepszania systemu pomocy w zakresie RODO, a tak\u017ce w zakresie rozstrzygni\u0119\u0107 reklamacyjnych. Adresy oraz dane w ten spos\u00f3b gromadzone nie b\u0119d\u0105 wykorzystywane do komunikacji w celu innym ni\u017c realizacja zg\u0142oszenia, w szczeg\u00f3lno\u015bci nie b\u0119d\u0105 u\u017cywane do cel\u00f3w marketingowych i przekazywane osobom trzecim.<\/li>\r\n<\/ol>\r\n<p>&nbsp;<\/p>\r\n<ol start=\"5\">\r\n<li>W przypadku kontaktu z Administratorem w celu dokonania konkretnych czynno\u015bci (np. z\u0142o\u017cenia reklamacji, dokonania zwrotu), Administrator mo\u017ce ponownie zwr\u00f3ci\u0107 si\u0119 do danej osoby o przekazanie danych, w tym danych osobowych, np. w postaci imienia, nazwiska, adresu zamieszkania, adresu e-mail, celem potwierdzenia to\u017csamo\u015bci i umo\u017cliwienia zwrotnego kontaktu w danej sprawie oraz wykonania \u017c\u0105danej czynno\u015bci. Podanie tych danych nie jest obowi\u0105zkowe, lecz mo\u017ce by\u0107 niezb\u0119dne do dokonania czynno\u015bci lub uzyskania informacji, kt\u00f3re interesuj\u0105 dan\u0105 osob\u0119.<\/li>\r\n<\/ol>\r\n<p>&nbsp;<\/p>\r\n<ul>\r\n<li><strong> 3 PLIKI COOKIES<\/strong><\/li>\r\n<\/ul>\r\n<p>Administrator informuje, i\u017c podczas korzystania ze strony internetowej w urz\u0105dzeniu ko\u0144cowym U\u017cytkownika zapisywane s\u0105 kr\u00f3tkie informacje tekstowe zwane \u201ecookies\u201d. Pliki \u201ecookies\u201d zawieraj\u0105 takie dane informatyczne jak: adres IP dotycz\u0105cy U\u017cytkownika, nazwa strony internetowej, z kt\u00f3rej pochodz\u0105, czas przechowywania ich na urz\u0105dzeniu ko\u0144cowym U\u017cytkownika, zapis parametr\u00f3w i statystyki oraz unikalny numer. Pliki \u201ecookies\u201d wykorzystywane s\u0105 w celu:<\/p>\r\n<p>&#8211; utrzymania technicznej poprawno\u015bci i ci\u0105g\u0142o\u015bci sesji pomi\u0119dzy serwerem strony internetowej, a urz\u0105dzeniem ko\u0144cowym U\u017cytkownika;<\/p>\r\n<p>&#8211; optymalizacji korzystania przez U\u017cytkownika ze stron internetowych i dostosowania sposobu ich wy\u015bwietlania na urz\u0105dzeniu ko\u0144cowym U\u017cytkownika;<\/p>\r\n<p>&#8211; zapewnienia bezpiecze\u0144stwa korzystania ze strony internetowej;<\/p>\r\n<p>&#8211; zbierania statystyk odwiedzin strony internetowej wspieraj\u0105cych ulepszanie jej struktury i zawarto\u015bci;<\/p>\r\n<p>wy\u015bwietlania na urz\u0105dzeniu ko\u0144cowym U\u017cytkownika tre\u015bci reklamowych optymalnie dostosowanych do jego preferencji.<\/p>\r\n<p>Administrator informuje, \u017ce:<\/p>\r\n<ol>\r\n<li>Gdy Osoba Odwiedzaj\u0105ca korzysta ze Sklepu Internetowego stosowane s\u0105 pliki cookies umo\u017cliwiaj\u0105ce identyfikacj\u0119 jej przegl\u0105darki lub urz\u0105dzenia &#8211; pliki cookies zbieraj\u0105 informacje, kt\u00f3re co do zasady nie stanowi\u0105 danych osobowych. Niekt\u00f3re mog\u0105 jednak zosta\u0107 powi\u0105zane z konkretn\u0105 osob\u0105 &#8211; przypisanie pewnych zachowa\u0144 konkretnej Osobie Odwiedzaj\u0105cej lub Klientowi.<\/li>\r\n<li>W stosunku do informacji zbieranych przez pliki cookies, kt\u00f3re mog\u0105 zosta\u0107 powi\u0105zane z konkretn\u0105 osob\u0105, zastosowanie znajduj\u0105 postanowienia Polityki prywatno\u015bci Sklepu Internetowego odnosz\u0105ce si\u0119 do danych osobowych, w szczeg\u00f3lno\u015bci dotycz\u0105ce praw osoby, kt\u00f3rej dane dotycz\u0105.<\/li>\r\n<li>Pliki \u201ecookies\u201d zainstalowane w urz\u0105dzeniu ko\u0144cowym U\u017cytkownika mog\u0105 by\u0107 wykorzystywane przez wsp\u00f3\u0142pracuj\u0105cych z Administratorem reklamodawc\u00f3w lub partner\u00f3w biznesowych.<br \/>Pliki \u201ecookies\u201d mo\u017cna uzna\u0107 za dane osobowe jedynie w powi\u0105zaniu z innymi danymi identyfikuj\u0105cymi to\u017csamo\u015b\u0107, udost\u0119pnionymi Administratorowi przez U\u017cytkownika w ramach korzystania ze strony internetowej.<br \/>Dost\u0119p do plik\u00f3w \u201ecookies\u201d przetwarzanych przez serwer strony internetowej posiada wy\u0142\u0105cznie Administrator.<br \/>Je\u015bli U\u017cytkownik nie zgadza si\u0119 na zapisywanie i odbieranie informacji w plikach \u201ecookies\u201d, mo\u017ce zmieni\u0107 zasady dotycz\u0105ce plik\u00f3w \u201ecookies\u201d za pomoc\u0105 ustawie\u0144 swojej przegl\u0105darki internetowej.<\/li>\r\n<\/ol>\r\n<p>&nbsp;<\/p>\r\n<ul>\r\n<li><strong> 4 POZYSKIWANIE DANYCH I CEL ICH PRZETWARZANIA<\/strong><\/li>\r\n<\/ul>\r\n<p><strong>\u00a0<\/strong><\/p>\r\n<ol>\r\n<li>Dane osobowe przetwarzane s\u0105 zgodnie z Rozporz\u0105dzeniem Parlamentu Europejskiego i Rady (UE) 2016\/679 z dnia 27 kwietnia 2016 r. w sprawie ochrony os\u00f3b fizycznych w zwi\u0105zku z przetwarzaniem danych osobowych i w sprawie swobodnego przep\u0142ywu takich danych oraz uchylenia dyrektywy 95\/46\/WE, (dalej: RODO) oraz innymi aktualnie obowi\u0105zuj\u0105cymi, w czasie przetwarzania okre\u015blonych danych, przepisami prawa o ochronie danych osobowych.<\/li>\r\n<li>Jak wynika z powy\u017cszych przepis\u00f3w za dane osobowe uznaje si\u0119 informacje o zidentyfikowanej lub mo\u017cliwej do zidentyfikowania osobie fizycznej. Mo\u017cliwa do zidentyfikowania osoba fizyczna to osoba, kt\u00f3r\u0105 mo\u017cna bezpo\u015brednio lub po\u015brednio zidentyfikowa\u0107, w szczeg\u00f3lno\u015bci na podstawie identyfikatora takiego jak imi\u0119 i nazwisko, numer identyfikacyjny, dane o lokalizacji, identyfikator internetowy lub jeden b\u0105d\u017a kilka szczeg\u00f3lnych czynnik\u00f3w okre\u015blaj\u0105cych fizyczn\u0105, fizjologiczn\u0105, genetyczn\u0105, psychiczn\u0105, ekonomiczn\u0105, kulturow\u0105 lub spo\u0142eczn\u0105 to\u017csamo\u015b\u0107 osoby fizycznej.<\/li>\r\n<\/ol>\r\n<p>&nbsp;<\/p>\r\n<ol start=\"3\">\r\n<li>Pozyskane przez Administratora dane s\u0105 poufne, bezpieczne i przetwarzane wy\u0142\u0105cznie wtedy, gdy jest to konieczne. Dane przetwarzane s\u0105 zgodnie z prawem, w spos\u00f3b rzetelny i przejrzysty dla osoby, kt\u00f3rej dane dotycz\u0105 oraz obejmuj\u0105 tylko takie dane i tylko o takiej tre\u015bci, kt\u00f3re s\u0105 niezb\u0119dne z uwagi na prawnie uzasadniony cel, czyli pow\u00f3d przetwarzania. Dane osobowe s\u0105 gromadzone z nale\u017cyt\u0105 staranno\u015bci\u0105 i odpowiednio chronione przed dost\u0119pem os\u00f3b nieupowa\u017cnionych. Stosowane s\u0105 odpowiednie \u015brodki bezpiecze\u0144stwa i stan wiedzy technicznej w celu ochrony danych osobowych przed przypadkow\u0105 utrat\u0105 oraz nieuprawnionym dost\u0119pem, wykorzystaniem, zmian\u0105, czy ujawnieniem. Dane osobowe przechowywane s\u0105 w spos\u00f3b umo\u017cliwiaj\u0105cy identyfikacj\u0119 osoby, kt\u00f3rej dane dotycz\u0105, przez okres nie d\u0142u\u017cszy, ni\u017c jest to niezb\u0119dne do cel\u00f3w, w kt\u00f3rych dane te s\u0105 przetwarzane.<\/li>\r\n<\/ol>\r\n<p>&nbsp;<\/p>\r\n<ol start=\"4\">\r\n<li>Administrator pozyskuje informacje o danych osobowych w nast\u0119puj\u0105cy spos\u00f3b:<\/li>\r\n<li>a)\u00a0\u00a0\u00a0\u00a0\u00a0\u00a0poprzez dokonanie zakupu w Sklepie Internetowym;<\/li>\r\n<li>b)\u00a0\u00a0\u00a0\u00a0\u00a0\u00a0poprzez dobrowolnie wprowadzone informacje w formularzu kontaktowym lub w wiadomo\u015bci e-mail;<\/li>\r\n<li>c)\u00a0\u00a0\u00a0\u00a0\u00a0\u00a0poprzez przes\u0142anie reklamacji,<\/li>\r\n<li>d)\u00a0\u00a0\u00a0\u00a0\u00a0\u00a0poprzez dobrowolnie wprowadzone informacje w wiadomo\u015bci e-mail przes\u0142anej w zwi\u0105zku z ch\u0119ci\u0105 nawi\u0105zania wsp\u00f3\u0142pracy;<\/li>\r\n<li>e)\u00a0\u00a0\u00a0\u00a0\u00a0\u00a0poprzez pliki cookies, piksele lub podobne technologie internetowe.<\/li>\r\n<\/ol>\r\n<p>&nbsp;<\/p>\r\n<ol start=\"5\">\r\n<li>Cel i zakres danych przetwarzanych przez Administratora wynika ze zgody Osoby Odwiedzaj\u0105cej Stron\u0119 Internetow\u0105 lub Klienta lub przepis\u00f3w prawa oraz w wybranych przypadkach jest doprecyzowywany w wyniku dzia\u0142a\u0144 podejmowanych przez te osoby w Sklepie Internetowym lub w ramach innych kana\u0142\u00f3w komunikacji.<\/li>\r\n<\/ol>\r\n<p>&nbsp;<\/p>\r\n<ol start=\"6\">\r\n<li>Podanie danych osobowych przez Osob\u0119 Odwiedzaj\u0105c\u0105 lub Klienta Sklepu Internetowego jest dobrowolne, lecz niezb\u0119dne w celu skorzystania z okre\u015blonych funkcjonalno\u015bci Sklepu Internetowego (np. z\u0142o\u017cenia przez Klienta Zam\u00f3wienia i jego rozliczenia lub skorzystania z formularza kontaktowego).<\/li>\r\n<\/ol>\r\n<p>&nbsp;<\/p>\r\n<ol start=\"7\">\r\n<li>Ka\u017cdorazowo zakres wymaganych danych do zawarcia odpowiedniej umowy wskazany jest uprzednio w Sklepie Internetowym (oznaczamy dane, kt\u00f3rych podanie jest konieczne do zawarcia umowy\/skorzystania z okre\u015blonej funkcjonalno\u015bci), w ramach innych kana\u0142\u00f3w komunikacji z Osob\u0105 Odwiedzaj\u0105c\u0105 lub Klientem lub w Regulaminie. Konsekwencj\u0105 niepodania danych osobowych mo\u017ce by\u0107 brak mo\u017cliwo\u015bci skutecznego skorzystania z funkcjonalno\u015bci Strony Internetowej, np. brak mo\u017cliwo\u015bci z\u0142o\u017cenia zam\u00f3wienia.<\/li>\r\n<\/ol>\r\n<p>&nbsp;<\/p>\r\n<ol start=\"8\">\r\n<li>Dane osobowe s\u0105 pozyskiwane przez Administratora w celu:<\/li>\r\n<\/ol>\r\n<p>&nbsp;<\/p>\r\n<p>&#8211; obs\u0142ugi zg\u0142osze\u0144 kierowanych z wykorzystaniem formularza kontaktowego, wiadomo\u015bci email, reklamacji, innych wniosk\u00f3w, w celu udzielania odpowiedzi na zg\u0142oszenia i zapytania kierowane z wykorzystaniem formularza kontaktowego lub w innej formie, w tym przechowywania newralgicznych wniosk\u00f3w i udzielonych odpowiedzi celem zachowania zasady rozliczalno\u015bci. Obs\u0142uga wniosk\u00f3w, udzielenie odpowiedzi na reklamacje konsumenckie. Dochodzenie roszcze\u0144, w tym od os\u00f3b trzecich, obrona przez nimi., wszystko na podstawie art. 6 ust. 1 lit. a RODO<\/p>\r\n<p>&#8211; Zawarcie i realizacja Umowy Sprzeda\u017cy\/zlecenia lub podj\u0119ci e dzia\u0142a\u0144 \u017c\u0105danie przysz\u0142ego Klienta przez jej zawarciem, zgodnie z art. 6 ust. 1 lit. b) RODO;<\/p>\r\n<p>&#8211; Prowadzenia rozlicze\u0144 finansowych z Klientem Administratora tytu\u0142em realizacji ewentualnej umowy zawartej mi\u0119dzy stronami, a tak\u017ce ewentualnego dochodzenia roszcze\u0144 od Klienta w ramach prawnie uzasadnionego interesu Administratora zgodnie z art. 6 ust. 1 lit. f) RODO oraz spe\u0142nienia obowi\u0105zk\u00f3w prawnych Administratora wobec organ\u00f3w podatkowych na podstawie odr\u0119bnych przepis\u00f3w zgodnie z art. 6 ust. 1 lit. c) RODO;<\/p>\r\n<p>&#8211; Realizacji dzia\u0142a\u0144 marketingowych Administratora w ramach prawnie uzasadnionego interesu Administratora w rozumieniu art. 6 ust. 1 lit. f) RODO, a tak\u017ce zgodnie z o\u015bwiadczeniami woli dotycz\u0105cymi komunikacji marketingowej z\u0142o\u017conymi wobec Administratora. Zgody udzielone w zakresie komunikacji marketingowej (np. na przesy\u0142anie informacji handlowych drog\u0105 elektroniczn\u0105 lub kontakt telefoniczny w celach marketingu bezpo\u015bredniego) mog\u0105 by\u0107 wycofane w dowolnym czasie, bez wp\u0142ywu na zgodno\u015b\u0107 z prawem przetwarzania, kt\u00f3rego dokonano na podstawie zgody przed jej cofni\u0119ciem;<\/p>\r\n<p>&#8211; Realizacji obowi\u0105zk\u00f3w prawnych Administratora wobec U\u017cytkownika okre\u015blonych w RODO, w rozumieniu art. 6 ust. 1 lit. c) RODO.<\/p>\r\n<p>&nbsp;<\/p>\r\n<ul>\r\n<li><strong> 4 KATEGORIE DANYCH OSOBOWYCH<\/strong><\/li>\r\n<\/ul>\r\n<p>&nbsp;<\/p>\r\n<ol>\r\n<li>Administrator danych osobowych mo\u017ce przetwarza\u0107 nast\u0119puj\u0105ce kategorie danych osobowych:<\/li>\r\n<li>a)\u00a0\u00a0\u00a0\u00a0\u00a0\u00a0dane osobowe podane w formularzu przy sk\u0142adaniu Zam\u00f3wie\u0144 w Sklepie Internetowym, w szczeg\u00f3lno\u015bci: imi\u0119 i nazwisko; adres e-mail; numer telefonu kontaktowego; adres zamieszkania [ulica, numer domu, numer lokalu, kod pocztowy, miejscowo\u015b\u0107, kraj], nr rachunku bankowego,<\/li>\r\n<li>b)\u00a0\u00a0\u00a0\u00a0\u00a0dane osobowe podane w celu wzi\u0119cia udzia\u0142u w konkursach: : imi\u0119 i nazwisko; adres e-mail; numer telefonu kontaktowego; adres zamieszkania [ulica, numer domu, numer lokalu, kod pocztowy, miejscowo\u015b\u0107, kraj];<\/li>\r\n<li>c)\u00a0\u00a0\u00a0\u00a0\u00a0\u00a0inne dane w szczeg\u00f3lno\u015bci uzyskane w oparciu o aktywno\u015b\u0107 Klienta w Internecie, w tym uzyskane za po\u015brednictwem Sklepu Internetowego lub innych kana\u0142\u00f3w komunikacji z Klientem, z wykorzystaniem cookies i podobnych technologii.<\/li>\r\n<\/ol>\r\n<p>&nbsp;<\/p>\r\n<ul>\r\n<li><strong> 5 ODBIORCY DANYCH OSOBOWYCH<\/strong><\/li>\r\n<\/ul>\r\n<p><strong>\u00a0<\/strong><\/p>\r\n<ol>\r\n<li>Ka\u017cdorazowo katalog odbiorc\u00f3w Danych Osobowych przetwarzanych przez Administratora wynika przede wszystkim z zakresu us\u0142ug z jakich korzysta Klient.<\/li>\r\n<li>Katalog odbiorc\u00f3w danych wynika r\u00f3wnie\u017c ze zgody Klienta, lub z przepis\u00f3w prawa, oraz doprecyzowywany jest w wyniku dzia\u0142a\u0144 podejmowanych przez niego w Sklepie Internetowym.<\/li>\r\n<li>W przetwarzaniu Danych Osobowych w ograniczonym zakresie mog\u0105 bra\u0107 udzia\u0142 partnerzy Administratora, w szczeg\u00f3lno\u015bci kt\u00f3rzy technicznie pomagaj\u0105 sprawnie prowadzi\u0107 Sklep Internetowy, w tym komunikacj\u0119 z naszymi Klientami (np. wspieraj\u0105 w wysy\u0142aniu wiadomo\u015bci e-mail, a w przypadku dzia\u0142a\u0144 reklamowych \u2013 tak\u017ce w kampaniach marketingowych), dostawcy us\u0142ug hostingu lub us\u0142ug teleinformatycznych, przewo\u017anicy lub po\u015brednicy realizuj\u0105cy przesy\u0142ki Zam\u00f3wie\u0144, podmioty obs\u0142uguj\u0105ce p\u0142atno\u015bci elektroniczne lub p\u0142atno\u015bci kart\u0105 p\u0142atnicz\u0105 w Sklepie Internetowym, firmy, kt\u00f3re serwisuj\u0105 oprogramowanie, wspieraj\u0105 Administratora w kampaniach marketingowych, jak r\u00f3wnie\u017c dostawcy us\u0142ug prawnych i doradczych.<\/li>\r\n<li>W ramach dzia\u0142alno\u015bci marketingowej (reklamowej) Administrator korzysta z us\u0142ug podmiot\u00f3w trzecich, kt\u00f3re stosuj\u0105 w Sklepie Internetowym pliki cookies.<\/li>\r\n<li>Danych Osobowych mog\u0105 by\u0107 przekazywaneorganom pa\u0144stwowym lub innym podmiotom uprawnionym na podstawie przepis\u00f3w prawa, celem wykonania ci\u0105\u017c\u0105cych na nas obowi\u0105zk\u00f3w (Urz\u0105d Skarbowy,\u00a0\u00a0ZUS, GIODO, Policja, prokuratura, Prezes UOKiK \u2013 je\u017celi si\u0119 o to zwr\u00f3c\u0105 do Administratora);<\/li>\r\n<\/ol>\r\n<ul>\r\n<li><strong> 6 ARCHIWIZACJA DANYCH OSOBOWYCH<\/strong><\/li>\r\n<\/ul>\r\n<ol>\r\n<li>W zale\u017cno\u015bci od zakresu Danych Osobowych i cel\u00f3w ich przetwarzania mog\u0105 by\u0107 one przechowywane przez r\u00f3\u017cny okres.<\/li>\r\n<li>Dane Osobowe mog\u0105 by\u0107 przechowywane przez okres korzystania ze Sklepu Internetowego (przy czym mog\u0105 zosta\u0107 usuni\u0119te po trzech latach od ostatniej aktywno\u015bci Klienta w ramach Sklepu Internetowego), w przypadku dzia\u0142a\u0144 marketingowych &#8211; do czasu wniesienia przez Klienta sprzeciwu, a je\u015bli zwi\u0105zane s\u0105 z technologi\u0105 cookies i podobnymi, w zale\u017cno\u015bci od kwestii technicznych, do czasu usuni\u0119cia tych plik\u00f3w przy pomocy ustawie\u0144 przegl\u0105darki \/ urz\u0105dzenia.<\/li>\r\n<li>Je\u017celi przetwarzanie Danych Osobowych jest uzale\u017cnione od zgody Klienta, Dane Osobowe mog\u0105 by\u0107 przetwarzane dop\u00f3ki nie zostanie ona cofni\u0119ta.<\/li>\r\n<li>W ka\u017cdym przypadku:\r\n<ul>\r\n<li>Dane Osobowe b\u0119d\u0105 przechowywane r\u00f3wnie\u017c wtedy, gdy przepisy prawa (np. ksi\u0119gowe lub podatkowe) b\u0119d\u0105 zobowi\u0105zywa\u0107 Administratora do ich przetwarzania;<\/li>\r\n<li>Dane Osobowe b\u0119d\u0105 przechowywane d\u0142u\u017cej na wypadek, gdyby Klient mia\u0142 wobec Administratora jakiekolwiek roszczenia, w celu dochodzenia roszcze\u0144 przez Administratora, b\u0105d\u017a w celu dochodzenia lub obrony przed roszczeniami os\u00f3b trzecich, przez okres ich przedawnienia okre\u015blony przepisami prawa, w szczeg\u00f3lno\u015bci kodeksu cywilnego.<\/li>\r\n<\/ul>\r\n<\/li>\r\n<li>W ka\u017cdym przypadku decyduje d\u0142u\u017cszy termin przechowywania Danych Osobowych.<\/li>\r\n<\/ol>\r\n<p>&nbsp;<\/p>\r\n<p>&nbsp;<\/p>\r\n<ul>\r\n<li><strong> 7 UPRAWNIENIA, UZYSKIWANIE DOST\u0118PU I AKTUALIZACJA DANYCH OSOBOWYCH, REKLAMACJE<\/strong><\/li>\r\n<\/ul>\r\n<p>&nbsp;<\/p>\r\n<p>Zgodnie z art. 15 RODO maj\u0105 Pa\u0144stwo prawo uzyskania od Administratora danych osobowych informacji czy Pa\u0144stwa dane osobowe s\u0105 przetwarzane.<\/p>\r\n<p>&nbsp;<\/p>\r\n<p>Je\u017celi Administrator przetwarza\u00a0Pa\u0144stwa dane osobowe, w\u00f3wczas maj\u0105 Pa\u0144stwo prawo do:<\/p>\r\n<ul>\r\n<li>wniesienia skargi do Prezesa Urz\u0119du Ochrony Danych Osobowych;<\/li>\r\n<li>przenoszenia Danych Osobowych, kt\u00f3re dostarczy\u0142 Administratorowi i kt\u00f3re s\u0105 przetwarzane w spos\u00f3b zautomatyzowany, a przetwarzanie odbywa si\u0119 na podstawie zgody lub na podstawie umowy, np. do innego administratora;<\/li>\r\n<li>dost\u0119pu do Danych Osobowych (w tym np. otrzymania informacji, kt\u00f3re Dane Osobowe s\u0105 przetwarzane);<\/li>\r\n<li>\u017c\u0105dania sprostowania i ograniczenia przetwarzania (np. je\u015bli Dane Osobowe s\u0105 nieprawid\u0142owe) lub usuni\u0119cia Danych Osobowych (np. w przypadku, gdy by\u0142y one przetwarzane niezgodnie z prawem);<\/li>\r\n<li>cofni\u0119cia ka\u017cdej wyra\u017conej Administratorowi zgody w dowolnym momencie, przy czym cofni\u0119cie zgody nie wp\u0142ywa na przetwarzanie dokonywane przez Administratora zgodnie z prawem przed jej cofni\u0119ciem.<\/li>\r\n<li>wniesienia sprzeciwu wobec przetwarzania dotycz\u0105cych go Danych Osobowych dokonywanego w celu realizacji prawnie uzasadnionych interes\u00f3w Administratora lub strony trzeciej, w tym w szczeg\u00f3lno\u015bci wobec przetwarzania na potrzeby marketingu, w tym profilowania (je\u017celi nie ma innych wa\u017cnych prawnie uzasadnionych podstaw przetwarzania nadrz\u0119dnych wobec interes\u00f3w Klienta).<\/li>\r\n<\/ul>\r\n<p>&nbsp;<\/p>\r\n<ul>\r\n<li><strong> 8 ZMIANY POLITYKI PRYWATNO\u015aCI<\/strong><\/li>\r\n<\/ul>\r\n<p>&nbsp;<\/p>\r\n<ol>\r\n<li>Niniejsze zasady Polityki prywatno\u015bci obowi\u0105zuj\u0105 od dnia 11.2021 r.<\/li>\r\n<\/ol>\r\n<p>&nbsp;<\/p>\r\n<ol start=\"2\">\r\n<li>Administrator o\u015bwiadcza, i\u017c ma prawo do dokonania zmian niniejszego dokumentu z wa\u017cnych powod\u00f3w, m.in.:<\/li>\r\n<li>a)\u00a0\u00a0\u00a0\u00a0\u00a0\u00a0zmiany obowi\u0105zuj\u0105cych przepis\u00f3w, w szczeg\u00f3lno\u015bci w zakresie RODO, prawa telekomunikacyjnego, us\u0142ug \u015bwiadczonych drog\u0105 elektroniczn\u0105 oraz reguluj\u0105cych prawa konsument\u00f3w, wp\u0142ywaj\u0105ce na prawa i obowi\u0105zki Administratora lub prawa i obowi\u0105zki podmiotu danych;<\/li>\r\n<li>b)\u00a0\u00a0\u00a0\u00a0\u00a0\u00a0rozw\u00f3j funkcjonalno\u015bci lub us\u0142ug elektronicznych spowodowany post\u0119pem technologii internetowej, w tym wdro\u017cenie nowych rozwi\u0105za\u0144 informatycznych, technologicznych lub technicznych na Stronie Internetowej, maj\u0105ce wp\u0142yw na zakres niniejszej Polityki prywatno\u015bci.<\/li>\r\n<\/ol>\r\n<p>&nbsp;<\/p>\r\n<ol start=\"3\">\r\n<li>O wszelkich zmianach Administrator zobowi\u0105zuje si\u0119 poinformowa\u0107 U\u017cytkownik\u00f3w z odpowiednim wyprzedzeniem, pozwalaj\u0105cym na zapoznanie si\u0119 z tre\u015bci\u0105 zmienionego dokumentu, np. poprzez umieszczenie tekstu jednolitego Polityki prywatno\u015bci na stronie internetowej.<\/li>\r\n<\/ol>\r\n<p>&nbsp;<\/p>\r\n<p>&nbsp;<\/p>\r\n<h2><\/h2>\r\n\r\n<p>&nbsp;<\/p>\r\n<p>[\/vc_column_text][\/vc_column][\/vc_row]<\/p>","protected":false},"excerpt":{"rendered":"<p>[vc_row][vc_column][vc_column_text] POLITYKA PRYWATNO\u015aCI 1 INFORMACJE OG\u00d3LNE \u00a0 Polityka prywatno\u015bci Sklepu Internetowego\u00a0pl\u00a0nie jest \u017ar\u00f3d\u0142em obowi\u0105zk\u00f3w dla Osoby Odwiedzaj\u0105cej i Klienta Sklepu Internetowego. Ma wy\u0142\u0105cznie charakter informacyjny, nie stanowi umowy ani regulaminu. &nbsp; Wszystkie wyra\u017cenia i s\u0142owa zapisywane za pomoc\u0105 wielkiej litery (np. Sklep Internetowy, Klient itd.) nale\u017cy rozumie\u0107 zgodnie z tre\u015bci\u0105\u00a0Regulaminu Sklepu Internetowego. &nbsp; W przypadku [&hellip;]<\/p>\n","protected":false},"author":1,"featured_media":0,"parent":0,"menu_order":0,"comment_status":"closed","ping_status":"open","template":"","meta":[],"_links":{"self":[{"href":"https:\/\/sklep.futrzon.pl\/index.php\/wp-json\/wp\/v2\/pages\/3"}],"collection":[{"href":"https:\/\/sklep.futrzon.pl\/index.php\/wp-json\/wp\/v2\/pages"}],"about":[{"href":"https:\/\/sklep.futrzon.pl\/index.php\/wp-json\/wp\/v2\/types\/page"}],"author":[{"embeddable":true,"href":"https:\/\/sklep.futrzon.pl\/index.php\/wp-json\/wp\/v2\/users\/1"}],"replies":[{"embeddable":true,"href":"https:\/\/sklep.futrzon.pl\/index.php\/wp-json\/wp\/v2\/comments?post=3"}],"version-history":[{"count":2,"href":"https:\/\/sklep.futrzon.pl\/index.php\/wp-json\/wp\/v2\/pages\/3\/revisions"}],"predecessor-version":[{"id":176,"href":"https:\/\/sklep.futrzon.pl\/index.php\/wp-json\/wp\/v2\/pages\/3\/revisions\/176"}],"wp:attachment":[{"href":"https:\/\/sklep.futrzon.pl\/index.php\/wp-json\/wp\/v2\/media?parent=3"}],"curies":[{"name":"wp","href":"https:\/\/api.w.org\/{rel}","templated":true}]}}