{"id":2,"date":"2022-01-08T17:20:59","date_gmt":"2022-01-08T16:20:59","guid":{"rendered":"http:\/\/sklep.futrzon.pl\/?page_id=2"},"modified":"2026-02-06T17:39:50","modified_gmt":"2026-02-06T16:39:50","slug":"przykladowa-strona","status":"publish","type":"page","link":"https:\/\/sklep.futrzon.pl\/","title":{"rendered":"Start"},"content":{"rendered":"<p>[vc_row remove_margin_bottom=&#8221;yes&#8221; remove_border=&#8221;yes&#8221;][vc_column][vc_custom_heading text=&#8221;TOTALNA NOWO\u015a\u0106&#8221; font_container=&#8221;tag:h2|text_align:center&#8221; use_theme_fonts=&#8221;yes&#8221; enable_typewriter=&#8221;yes&#8221; animation_type=&#8221;fadeIn&#8221;][\/vc_column][\/vc_row][vc_row full_width=&#8221;stretch_row_content&#8221; full_height=&#8221;yes&#8221; columns_placement=&#8221;top&#8221; content_placement=&#8221;top&#8221; is_section=&#8221;yes&#8221; remove_border=&#8221;yes&#8221; css=&#8221;.vc_custom_1643812829771{background-color: #ffffff !important;}&#8221;][vc_column width=&#8221;1\/2&#8243;]<div id=\"porto-products-7373\" class=\"porto-products wpb_content_element \"><div class=\"slider-wrapper\"><div class=\"woocommerce columns-2 \"><ul class=\"products products-container products-slider owl-carousel show-nav-middle pcols-lg-2 pcols-md-2 pcols-xs-2 pcols-ls-2 pwidth-lg-2 pwidth-md-2 pwidth-xs-1 pwidth-ls-1 is-shortcode\"\n\t\tdata-plugin-options=\"{&quot;themeConfig&quot;:true,&quot;lg&quot;:2,&quot;md&quot;:2,&quot;xs&quot;:2,&quot;ls&quot;:2,&quot;nav&quot;:true}\" data-cur_page=\"1\" data-max_page=\"1\" data-product_layout=\"product-default\">\n\n<li class=\"product-col product-default product type-product post-55 status-publish first onbackorder product_cat-cbd-dla-zwierzat product_cat-zwierzaki product_tag-cbd product_tag-olejek has-post-thumbnail shipping-taxable purchasable product-type-simple\">\n<div class=\"product-inner\">\n\t\n\t<div class=\"product-image\">\n\n\t\t<a  href=\"https:\/\/sklep.futrzon.pl\/index.php\/product\/olejek-cbd-2-10-ml\/\">\n\t\t\t<div class=\"inner img-effect\"><img width=\"300\" height=\"300\" src=\"https:\/\/sklep.futrzon.pl\/wp-content\/uploads\/2022\/01\/2proc-10-ml-300x300.png\" class=\" wp-post-image\" alt=\"\" loading=\"lazy\" \/><img width=\"300\" height=\"300\" src=\"https:\/\/sklep.futrzon.pl\/wp-content\/uploads\/2022\/01\/2proc-10-ml_1-300x300.png\" class=\"hover-image\" alt=\"\" loading=\"lazy\" \/><\/div>\t\t<\/a>\n\t\t\t<\/div>\n\n\t<div class=\"product-content\">\n\t\t<span class=\"category-list\"><a href=\"https:\/\/sklep.futrzon.pl\/index.php\/product-category\/zwierzaki\/cbd-dla-zwierzat\/\" rel=\"tag\">CBD dla zwierz\u0105t<\/a>, <a href=\"https:\/\/sklep.futrzon.pl\/index.php\/product-category\/zwierzaki\/\" rel=\"tag\">ZWIERZAKI<\/a><\/span>\n\t\t\t<a class=\"product-loop-title\"  href=\"https:\/\/sklep.futrzon.pl\/index.php\/product\/olejek-cbd-2-10-ml\/\">\n\t<h3 class=\"woocommerce-loop-product__title\">Olejek CBD 2% &#8211; 10 ml<\/h3>\t<\/a>\n\t\n\t\t\n\t\t\t<\/div>\n<\/div>\n<\/li>\n\n<li class=\"product-col product-default product type-product post-66 status-publish last onbackorder product_cat-cbd-dla-zwierzat product_cat-zwierzaki product_tag-cbd product_tag-olejek has-post-thumbnail shipping-taxable purchasable product-type-simple\">\n<div class=\"product-inner\">\n\t\n\t<div class=\"product-image\">\n\n\t\t<a  href=\"https:\/\/sklep.futrzon.pl\/index.php\/product\/olejek-cbd-2-30-ml\/\">\n\t\t\t<div class=\"inner img-effect\"><img width=\"300\" height=\"300\" src=\"https:\/\/sklep.futrzon.pl\/wp-content\/uploads\/2022\/01\/2proc-30-ml-300x300.png\" class=\" wp-post-image\" alt=\"\" loading=\"lazy\" \/><img width=\"300\" height=\"300\" src=\"https:\/\/sklep.futrzon.pl\/wp-content\/uploads\/2022\/01\/2proc-30-ml_1-300x300.png\" class=\"hover-image\" alt=\"\" loading=\"lazy\" \/><\/div>\t\t<\/a>\n\t\t\t<\/div>\n\n\t<div class=\"product-content\">\n\t\t<span class=\"category-list\"><a href=\"https:\/\/sklep.futrzon.pl\/index.php\/product-category\/zwierzaki\/cbd-dla-zwierzat\/\" rel=\"tag\">CBD dla zwierz\u0105t<\/a>, <a href=\"https:\/\/sklep.futrzon.pl\/index.php\/product-category\/zwierzaki\/\" rel=\"tag\">ZWIERZAKI<\/a><\/span>\n\t\t\t<a class=\"product-loop-title\"  href=\"https:\/\/sklep.futrzon.pl\/index.php\/product\/olejek-cbd-2-30-ml\/\">\n\t<h3 class=\"woocommerce-loop-product__title\">Olejek CBD 2% 30 ml<\/h3>\t<\/a>\n\t\n\t\t\n\t\t\t<\/div>\n<\/div>\n<\/li>\n\n<li class=\"product-col product-default product type-product post-69 status-publish first onbackorder product_cat-cbd-dla-zwierzat product_cat-zwierzaki product_tag-cbd product_tag-olejek has-post-thumbnail shipping-taxable purchasable product-type-simple\">\n<div class=\"product-inner\">\n\t\n\t<div class=\"product-image\">\n\n\t\t<a  href=\"https:\/\/sklep.futrzon.pl\/index.php\/product\/olejek-cbd-4-10-ml\/\">\n\t\t\t<div class=\"inner img-effect\"><img width=\"300\" height=\"300\" src=\"https:\/\/sklep.futrzon.pl\/wp-content\/uploads\/2022\/01\/4proc-10-ml-300x300.png\" class=\" wp-post-image\" alt=\"\" loading=\"lazy\" \/><img width=\"300\" height=\"300\" src=\"https:\/\/sklep.futrzon.pl\/wp-content\/uploads\/2022\/01\/4proc-10-ml_1-300x300.png\" class=\"hover-image\" alt=\"\" loading=\"lazy\" \/><\/div>\t\t<\/a>\n\t\t\t<\/div>\n\n\t<div class=\"product-content\">\n\t\t<span class=\"category-list\"><a href=\"https:\/\/sklep.futrzon.pl\/index.php\/product-category\/zwierzaki\/cbd-dla-zwierzat\/\" rel=\"tag\">CBD dla zwierz\u0105t<\/a>, <a href=\"https:\/\/sklep.futrzon.pl\/index.php\/product-category\/zwierzaki\/\" rel=\"tag\">ZWIERZAKI<\/a><\/span>\n\t\t\t<a class=\"product-loop-title\"  href=\"https:\/\/sklep.futrzon.pl\/index.php\/product\/olejek-cbd-4-10-ml\/\">\n\t<h3 class=\"woocommerce-loop-product__title\">Olejek CBD 4% 10 ml<\/h3>\t<\/a>\n\t\n\t\t\n\t\t\t<\/div>\n<\/div>\n<\/li>\n\n<li class=\"product-col product-default product type-product post-73 status-publish last onbackorder product_cat-cbd-dla-zwierzat product_cat-zwierzaki product_tag-cbd product_tag-olejek has-post-thumbnail shipping-taxable purchasable product-type-simple\">\n<div class=\"product-inner\">\n\t\n\t<div class=\"product-image\">\n\n\t\t<a  href=\"https:\/\/sklep.futrzon.pl\/index.php\/product\/olejek-cbd-4-30-ml\/\">\n\t\t\t<div class=\"inner img-effect\"><img width=\"300\" height=\"300\" src=\"https:\/\/sklep.futrzon.pl\/wp-content\/uploads\/2022\/01\/4proc-30-ml-300x300.png\" class=\" wp-post-image\" alt=\"\" loading=\"lazy\" \/><img width=\"300\" height=\"300\" src=\"https:\/\/sklep.futrzon.pl\/wp-content\/uploads\/2022\/01\/4proc-30-ml_1-300x300.png\" class=\"hover-image\" alt=\"\" loading=\"lazy\" \/><\/div>\t\t<\/a>\n\t\t\t<\/div>\n\n\t<div class=\"product-content\">\n\t\t<span class=\"category-list\"><a href=\"https:\/\/sklep.futrzon.pl\/index.php\/product-category\/zwierzaki\/cbd-dla-zwierzat\/\" rel=\"tag\">CBD dla zwierz\u0105t<\/a>, <a href=\"https:\/\/sklep.futrzon.pl\/index.php\/product-category\/zwierzaki\/\" rel=\"tag\">ZWIERZAKI<\/a><\/span>\n\t\t\t<a class=\"product-loop-title\"  href=\"https:\/\/sklep.futrzon.pl\/index.php\/product\/olejek-cbd-4-30-ml\/\">\n\t<h3 class=\"woocommerce-loop-product__title\">Olejek CBD 4% 30 ml<\/h3>\t<\/a>\n\t\n\t\t\n\t\t\t<\/div>\n<\/div>\n<\/li>\n\n<li class=\"product-col product-default product type-product post-76 status-publish first onbackorder product_cat-cbd-dla-zwierzat product_cat-zwierzaki product_tag-cbd product_tag-olejek has-post-thumbnail shipping-taxable purchasable product-type-simple\">\n<div class=\"product-inner\">\n\t\n\t<div class=\"product-image\">\n\n\t\t<a  href=\"https:\/\/sklep.futrzon.pl\/index.php\/product\/olejek-cbd-6-10-ml\/\">\n\t\t\t<div class=\"inner img-effect\"><img width=\"300\" height=\"300\" src=\"https:\/\/sklep.futrzon.pl\/wp-content\/uploads\/2022\/01\/6proc-10-ml-300x300.png\" class=\" wp-post-image\" alt=\"\" loading=\"lazy\" \/><img width=\"300\" height=\"300\" src=\"https:\/\/sklep.futrzon.pl\/wp-content\/uploads\/2022\/01\/6proc-10-ml_1-300x300.png\" class=\"hover-image\" alt=\"\" loading=\"lazy\" \/><\/div>\t\t<\/a>\n\t\t\t<\/div>\n\n\t<div class=\"product-content\">\n\t\t<span class=\"category-list\"><a href=\"https:\/\/sklep.futrzon.pl\/index.php\/product-category\/zwierzaki\/cbd-dla-zwierzat\/\" rel=\"tag\">CBD dla zwierz\u0105t<\/a>, <a href=\"https:\/\/sklep.futrzon.pl\/index.php\/product-category\/zwierzaki\/\" rel=\"tag\">ZWIERZAKI<\/a><\/span>\n\t\t\t<a class=\"product-loop-title\"  href=\"https:\/\/sklep.futrzon.pl\/index.php\/product\/olejek-cbd-6-10-ml\/\">\n\t<h3 class=\"woocommerce-loop-product__title\">Olejek CBD 6% 10 ml<\/h3>\t<\/a>\n\t\n\t\t\n\t\t\t<\/div>\n<\/div>\n<\/li>\n\n<li class=\"product-col product-default product type-product post-79 status-publish last onbackorder product_cat-cbd-dla-zwierzat product_cat-zwierzaki product_tag-cbd product_tag-olejek has-post-thumbnail shipping-taxable purchasable product-type-simple\">\n<div class=\"product-inner\">\n\t\n\t<div class=\"product-image\">\n\n\t\t<a  href=\"https:\/\/sklep.futrzon.pl\/index.php\/product\/olejek-cbd-6-30-ml\/\">\n\t\t\t<div class=\"inner img-effect\"><img width=\"300\" height=\"300\" src=\"https:\/\/sklep.futrzon.pl\/wp-content\/uploads\/2022\/01\/6proc-30-ml-300x300.png\" class=\" wp-post-image\" alt=\"\" loading=\"lazy\" \/><img width=\"300\" height=\"300\" src=\"https:\/\/sklep.futrzon.pl\/wp-content\/uploads\/2022\/01\/6proc-30-ml_1-300x300.png\" class=\"hover-image\" alt=\"\" loading=\"lazy\" \/><\/div>\t\t<\/a>\n\t\t\t<\/div>\n\n\t<div class=\"product-content\">\n\t\t<span class=\"category-list\"><a href=\"https:\/\/sklep.futrzon.pl\/index.php\/product-category\/zwierzaki\/cbd-dla-zwierzat\/\" rel=\"tag\">CBD dla zwierz\u0105t<\/a>, <a href=\"https:\/\/sklep.futrzon.pl\/index.php\/product-category\/zwierzaki\/\" rel=\"tag\">ZWIERZAKI<\/a><\/span>\n\t\t\t<a class=\"product-loop-title\"  href=\"https:\/\/sklep.futrzon.pl\/index.php\/product\/olejek-cbd-6-30-ml\/\">\n\t<h3 class=\"woocommerce-loop-product__title\">Olejek CBD 6% 30 ml<\/h3>\t<\/a>\n\t\n\t\t\n\t\t\t<\/div>\n<\/div>\n<\/li>\n\n<li class=\"product-col product-default product type-product post-82 status-publish first onbackorder product_cat-cbd-dla-zwierzat product_cat-zwierzaki product_tag-cbd product_tag-olejek has-post-thumbnail shipping-taxable purchasable product-type-simple\">\n<div class=\"product-inner\">\n\t\n\t<div class=\"product-image\">\n\n\t\t<a  href=\"https:\/\/sklep.futrzon.pl\/index.php\/product\/olejek-cbd-8-10-ml\/\">\n\t\t\t<div class=\"inner img-effect\"><img width=\"300\" height=\"300\" src=\"https:\/\/sklep.futrzon.pl\/wp-content\/uploads\/2022\/01\/8proc-10-ml-1-300x300.png\" class=\" wp-post-image\" alt=\"\" loading=\"lazy\" \/><img width=\"300\" height=\"300\" src=\"https:\/\/sklep.futrzon.pl\/wp-content\/uploads\/2022\/01\/8proc-10-ml_1-300x300.png\" class=\"hover-image\" alt=\"\" loading=\"lazy\" \/><\/div>\t\t<\/a>\n\t\t\t<\/div>\n\n\t<div class=\"product-content\">\n\t\t<span class=\"category-list\"><a href=\"https:\/\/sklep.futrzon.pl\/index.php\/product-category\/zwierzaki\/cbd-dla-zwierzat\/\" rel=\"tag\">CBD dla zwierz\u0105t<\/a>, <a href=\"https:\/\/sklep.futrzon.pl\/index.php\/product-category\/zwierzaki\/\" rel=\"tag\">ZWIERZAKI<\/a><\/span>\n\t\t\t<a class=\"product-loop-title\"  href=\"https:\/\/sklep.futrzon.pl\/index.php\/product\/olejek-cbd-8-10-ml\/\">\n\t<h3 class=\"woocommerce-loop-product__title\">Olejek CBD 8% 10 ml<\/h3>\t<\/a>\n\t\n\t\t\n\t\t\t<\/div>\n<\/div>\n<\/li>\n\n<li class=\"product-col product-default product type-product post-86 status-publish last onbackorder product_cat-cbd-dla-zwierzat product_cat-zwierzaki product_tag-cbd product_tag-olejek has-post-thumbnail shipping-taxable purchasable product-type-simple\">\n<div class=\"product-inner\">\n\t\n\t<div class=\"product-image\">\n\n\t\t<a  href=\"https:\/\/sklep.futrzon.pl\/index.php\/product\/olejek-cbd-8-30-ml\/\">\n\t\t\t<div class=\"inner img-effect\"><img width=\"300\" height=\"300\" src=\"https:\/\/sklep.futrzon.pl\/wp-content\/uploads\/2022\/01\/8proc-30-ml-300x300.png\" class=\" wp-post-image\" alt=\"\" loading=\"lazy\" \/><img width=\"300\" height=\"300\" src=\"https:\/\/sklep.futrzon.pl\/wp-content\/uploads\/2022\/01\/8proc-30-ml_1-300x300.png\" class=\"hover-image\" alt=\"\" loading=\"lazy\" \/><\/div>\t\t<\/a>\n\t\t\t<\/div>\n\n\t<div class=\"product-content\">\n\t\t<span class=\"category-list\"><a href=\"https:\/\/sklep.futrzon.pl\/index.php\/product-category\/zwierzaki\/cbd-dla-zwierzat\/\" rel=\"tag\">CBD dla zwierz\u0105t<\/a>, <a href=\"https:\/\/sklep.futrzon.pl\/index.php\/product-category\/zwierzaki\/\" rel=\"tag\">ZWIERZAKI<\/a><\/span>\n\t\t\t<a class=\"product-loop-title\"  href=\"https:\/\/sklep.futrzon.pl\/index.php\/product\/olejek-cbd-8-30-ml\/\">\n\t<h3 class=\"woocommerce-loop-product__title\">Olejek CBD 8% 30 ml<\/h3>\t<\/a>\n\t\n\t\t\n\t\t\t<\/div>\n<\/div>\n<\/li>\n<\/ul>\n<\/div><\/div><\/div>[\/vc_column][vc_column width=&#8221;1\/2&#8243;][vc_empty_space height=&#8221;50px&#8221;][vc_column_text]<\/p>\n<h2 class=\"product_title entry-title show-product-nav\" style=\"text-align: left;\">Olejek CBD<\/h2>\n<p class=\"gwp8ee495ab_MsoNormal\">CBD to organiczny zwi\u0105zek chemiczny z grupy kannabinoid\u00f3w wyst\u0119puj\u0105cych w konopiach. W przeciwie\u0144stwie do delta-9-tetrahydrokannabinolu (THC), nie ma dzia\u0142ania odurzaj\u0105cego, nie uzale\u017cnia i jest ca\u0142kowicie legalny.<\/p>\n<p class=\"gwp8ee495ab_MsoNormal\">Dost\u0119pne w sklepie\u00a0<a href=\"https:\/\/sklep.futrzon.pl\/\" rel=\"noopener noreferrer\" data-saferedirecturl=\"https:\/\/zasobygwp.pl\/redirect?sig=b99e4e0bd530f1f1868fdd9d5bbc2fff70320b676515c5a8bace2d7a454a4151&amp;url=aHR0cDovL3NrbGVwLmZ1dHJ6b24ucGw=&amp;platform=desktop&amp;brand=wp\">sklep.futrzon.pl<\/a>\u00a0olejki CBD tworzone s\u0105 bezpieczn\u0105 metod\u0105 ekstrakcji nadkrytycznym CO2, zachowuj\u0105cej wszystkie w\u0142a\u015bciwo\u015bci konopi siewnych. Ka\u017cdy olejek posiada numer weterynaryjny, co jest potwierdzeniem wysokiej jako\u015bci produktu, bezpiecze\u0144stwa wytwarzania i faktycznego st\u0119\u017cenia CBD w olejku.<\/p>\n<p>[\/vc_column_text][\/vc_column][\/vc_row][vc_row content_placement=&#8221;top&#8221; is_section=&#8221;yes&#8221; css=&#8221;.vc_custom_1642255874411{background-color: #ffffff !important;}&#8221;][vc_column]<div id=\"porto-products-9239\" class=\"porto-products wpb_content_element \"><div class=\"slider-wrapper\"><div class=\"woocommerce columns-2 \"><\/div><\/div><\/div>[vc_column_text]<\/p>\n<h1 class=\"product_title entry-title show-product-nav\" style=\"text-align: center;\"><em><strong>Spotkania behawioralne online<\/strong><\/em><\/h1>\n<div class=\"description woocommerce-product-details__short-description\">\n<p><img loading=\"lazy\" class=\"size-medium wp-image-51 aligncenter\" src=\"https:\/\/sklep.futrzon.pl\/wp-content\/uploads\/2022\/01\/pakiety-konsultacji-300x256.jpg\" alt=\"\" width=\"300\" height=\"256\" \/><\/p>\n<p>Spotkania behawiorystyczne online to doskona\u0142e rozwi\u0105zanie dla os\u00f3b, kt\u00f3re mieszkaj\u0105 w okolicy, gdzie nie ma mo\u017cliwo\u015bci uzyskania profesjonalnego wsparcia zoopsychologa, przebywaj\u0105 za granic\u0105 i bariera j\u0119zykowa lub koszty uniemo\u017cliwiaj\u0105 wsp\u00f3\u0142prac\u0119 z lokalnym specjalist\u0105 b\u0105d\u017a po prostu z innych powod\u00f3w wol\u0105 prac\u0119 zdaln\u0105. Podczas spotkania \u0142\u0105czymy si\u0119 z wizj\u0105, tak, by widzie\u0107 relacje psa z cz\u0142owiekiem, nagrywamy filmy i \u0107wiczymy. Wsp\u00f3\u0142praca ze mn\u0105 zawsze opiera si\u0119 przede wszystkim na nauczeniu ludzi \u017cycia ze swoim psiakiem lub kotem, pog\u0142\u0119bieniu ich relacji i zaufania, zatem nic nie stoi na przeszkodzie, by robi\u0107 to online. Nie jest moim celem \u201ewyszkoli\u0107 za Was psa\u201d, tylko nauczy\u0107 Was, jak m\u0105drze i z przyjemno\u015bci\u0105 wychowywa\u0107 swojego zwierzaka.<\/p>\n<\/div>\n<p>[\/vc_column_text][\/vc_column][\/vc_row][vc_row full_width=&#8221;stretch_row_content&#8221; full_height=&#8221;yes&#8221; columns_placement=&#8221;top&#8221; content_placement=&#8221;top&#8221; is_section=&#8221;yes&#8221; css=&#8221;.vc_custom_1643284378709{margin-bottom: -100px !important;background-color: #ffffff !important;}&#8221;][vc_column width=&#8221;1\/2&#8243;][vc_custom_heading text=&#8221;BESTSELLER&#8221; font_container=&#8221;tag:h2|text_align:center&#8221; use_theme_fonts=&#8221;yes&#8221; animation_type=&#8221;fadeIn&#8221;]<div id=\"porto-products-3335\" class=\"porto-products wpb_content_element \"><div class=\"slider-wrapper\"><div class=\"woocommerce columns-2 \"><ul class=\"products products-container products-slider owl-carousel show-nav-middle pcols-lg-2 pcols-md-2 pcols-xs-2 pcols-ls-2 pwidth-lg-2 pwidth-md-2 pwidth-xs-1 pwidth-ls-1 is-shortcode\"\n\t\tdata-plugin-options=\"{&quot;themeConfig&quot;:true,&quot;lg&quot;:2,&quot;md&quot;:2,&quot;xs&quot;:2,&quot;ls&quot;:2,&quot;nav&quot;:true}\" data-cur_page=\"1\" data-max_page=\"1\" data-product_layout=\"product-default\">\n\n<li class=\"product-col product-default product type-product post-28 status-publish first onbackorder product_cat-bizuteria product_cat-dla-ciebie product_cat-drewniana has-post-thumbnail shipping-taxable purchasable product-type-simple\">\n<div class=\"product-inner\">\n\t\n\t<div class=\"product-image\">\n\n\t\t<a  href=\"https:\/\/sklep.futrzon.pl\/index.php\/product\/drewniane-kolczyki-z-motywem-zwierzecym\/\">\n\t\t\t<div class=\"inner\"><img width=\"300\" height=\"300\" src=\"https:\/\/sklep.futrzon.pl\/wp-content\/uploads\/2022\/01\/kolczyki-kotki-scaled-300x300.jpg\" class=\" wp-post-image\" alt=\"\" loading=\"lazy\" \/><\/div>\t\t<\/a>\n\t\t\t<\/div>\n\n\t<div class=\"product-content\">\n\t\t<span class=\"category-list\"><a href=\"https:\/\/sklep.futrzon.pl\/index.php\/product-category\/dla-ciebie\/bizuteria\/\" rel=\"tag\">BI\u017bUTERIA<\/a>, <a href=\"https:\/\/sklep.futrzon.pl\/index.php\/product-category\/dla-ciebie\/\" rel=\"tag\">DLA CIEBIE<\/a>, <a href=\"https:\/\/sklep.futrzon.pl\/index.php\/product-category\/dla-ciebie\/bizuteria\/drewniana\/\" rel=\"tag\">Drewniana<\/a><\/span>\n\t\t\t<a class=\"product-loop-title\"  href=\"https:\/\/sklep.futrzon.pl\/index.php\/product\/drewniane-kolczyki-z-motywem-zwierzecym\/\">\n\t<h3 class=\"woocommerce-loop-product__title\">Drewniane kolczyki z motywem zwierz\u0119cym &#8211; Kot<\/h3>\t<\/a>\n\t\n\t\t\n\t\t\t<\/div>\n<\/div>\n<\/li>\n\n<li class=\"product-col product-default product type-product post-33 status-publish last onbackorder product_cat-bizuteria product_cat-dla-ciebie product_cat-drewniana has-post-thumbnail shipping-taxable purchasable product-type-simple\">\n<div class=\"product-inner\">\n\t\n\t<div class=\"product-image\">\n\n\t\t<a  href=\"https:\/\/sklep.futrzon.pl\/index.php\/product\/drewniane-kolczyki-z-motywem-zwierzecym-lapa\/\">\n\t\t\t<div class=\"inner\"><img width=\"300\" height=\"300\" src=\"https:\/\/sklep.futrzon.pl\/wp-content\/uploads\/2022\/01\/kolczyki-lapki-scaled-300x300.jpg\" class=\" wp-post-image\" alt=\"\" loading=\"lazy\" \/><\/div>\t\t<\/a>\n\t\t\t<\/div>\n\n\t<div class=\"product-content\">\n\t\t<span class=\"category-list\"><a href=\"https:\/\/sklep.futrzon.pl\/index.php\/product-category\/dla-ciebie\/bizuteria\/\" rel=\"tag\">BI\u017bUTERIA<\/a>, <a href=\"https:\/\/sklep.futrzon.pl\/index.php\/product-category\/dla-ciebie\/\" rel=\"tag\">DLA CIEBIE<\/a>, <a href=\"https:\/\/sklep.futrzon.pl\/index.php\/product-category\/dla-ciebie\/bizuteria\/drewniana\/\" rel=\"tag\">Drewniana<\/a><\/span>\n\t\t\t<a class=\"product-loop-title\"  href=\"https:\/\/sklep.futrzon.pl\/index.php\/product\/drewniane-kolczyki-z-motywem-zwierzecym-lapa\/\">\n\t<h3 class=\"woocommerce-loop-product__title\">Drewniane kolczyki z motywem zwierz\u0119cym &#8211; \u0141apa<\/h3>\t<\/a>\n\t\n\t\t\n\t\t\t<\/div>\n<\/div>\n<\/li>\n\n<li class=\"product-col product-default product type-product post-31 status-publish first onbackorder product_cat-bizuteria product_cat-dla-ciebie product_cat-drewniana has-post-thumbnail shipping-taxable purchasable product-type-simple\">\n<div class=\"product-inner\">\n\t\n\t<div class=\"product-image\">\n\n\t\t<a  href=\"https:\/\/sklep.futrzon.pl\/index.php\/product\/drewniane-kolczyki-z-motywem-zwierzecym-wilk\/\">\n\t\t\t<div class=\"inner\"><img width=\"300\" height=\"300\" src=\"https:\/\/sklep.futrzon.pl\/wp-content\/uploads\/2022\/01\/kolczyki-scaled-300x300.jpg\" class=\" wp-post-image\" alt=\"\" loading=\"lazy\" \/><\/div>\t\t<\/a>\n\t\t\t<\/div>\n\n\t<div class=\"product-content\">\n\t\t<span class=\"category-list\"><a href=\"https:\/\/sklep.futrzon.pl\/index.php\/product-category\/dla-ciebie\/bizuteria\/\" rel=\"tag\">BI\u017bUTERIA<\/a>, <a href=\"https:\/\/sklep.futrzon.pl\/index.php\/product-category\/dla-ciebie\/\" rel=\"tag\">DLA CIEBIE<\/a>, <a href=\"https:\/\/sklep.futrzon.pl\/index.php\/product-category\/dla-ciebie\/bizuteria\/drewniana\/\" rel=\"tag\">Drewniana<\/a><\/span>\n\t\t\t<a class=\"product-loop-title\"  href=\"https:\/\/sklep.futrzon.pl\/index.php\/product\/drewniane-kolczyki-z-motywem-zwierzecym-wilk\/\">\n\t<h3 class=\"woocommerce-loop-product__title\">Drewniane kolczyki z motywem zwierz\u0119cym &#8211; Wilk<\/h3>\t<\/a>\n\t\n\t\t\n\t\t\t<\/div>\n<\/div>\n<\/li>\n<\/ul>\n<\/div><\/div><\/div>[\/vc_column][vc_column width=&#8221;1\/2&#8243;][vc_empty_space height=&#8221;50px&#8221;][vc_column_text]<\/p>\n<h2 class=\"product_title entry-title show-product-nav\" style=\"text-align: left;\">Kolczyki z motywem zwierz\u0119cym<\/h2>\n<p>Wyj\u0105tkowe kolczyki dla mi\u0142o\u015bnik\u00f3w naturalnego designu vinted, przyrody i zwierz\u0105t.<br \/>\nKolczyki wykonane z drewna osadzonego na stalowym sztyfcie.[\/vc_column_text][\/vc_column][\/vc_row]<\/p>\n","protected":false},"excerpt":{"rendered":"<p>[vc_row remove_margin_bottom=&#8221;yes&#8221; remove_border=&#8221;yes&#8221;][vc_column][vc_custom_heading text=&#8221;TOTALNA NOWO\u015a\u0106&#8221; font_container=&#8221;tag:h2|text_align:center&#8221; use_theme_fonts=&#8221;yes&#8221; enable_typewriter=&#8221;yes&#8221; animation_type=&#8221;fadeIn&#8221;][\/vc_column][\/vc_row][vc_row full_width=&#8221;stretch_row_content&#8221; full_height=&#8221;yes&#8221; columns_placement=&#8221;top&#8221; content_placement=&#8221;top&#8221; is_section=&#8221;yes&#8221; remove_border=&#8221;yes&#8221; css=&#8221;.vc_custom_1643812829771{background-color: #ffffff !important;}&#8221;][vc_column width=&#8221;1\/2&#8243;][\/vc_column][vc_column width=&#8221;1\/2&#8243;][vc_empty_space height=&#8221;50px&#8221;][vc_column_text] Olejek CBD CBD to organiczny zwi\u0105zek chemiczny z grupy kannabinoid\u00f3w wyst\u0119puj\u0105cych w konopiach. W przeciwie\u0144stwie do delta-9-tetrahydrokannabinolu (THC), nie ma dzia\u0142ania odurzaj\u0105cego, nie uzale\u017cnia i jest ca\u0142kowicie legalny. Dost\u0119pne w sklepie\u00a0sklep.futrzon.pl\u00a0olejki CBD tworzone s\u0105 [&hellip;]<\/p>\n","protected":false},"author":1,"featured_media":0,"parent":0,"menu_order":0,"comment_status":"closed","ping_status":"open","template":"","meta":[],"_links":{"self":[{"href":"https:\/\/sklep.futrzon.pl\/index.php\/wp-json\/wp\/v2\/pages\/2"}],"collection":[{"href":"https:\/\/sklep.futrzon.pl\/index.php\/wp-json\/wp\/v2\/pages"}],"about":[{"href":"https:\/\/sklep.futrzon.pl\/index.php\/wp-json\/wp\/v2\/types\/page"}],"author":[{"embeddable":true,"href":"https:\/\/sklep.futrzon.pl\/index.php\/wp-json\/wp\/v2\/users\/1"}],"replies":[{"embeddable":true,"href":"https:\/\/sklep.futrzon.pl\/index.php\/wp-json\/wp\/v2\/comments?post=2"}],"version-history":[{"count":67,"href":"https:\/\/sklep.futrzon.pl\/index.php\/wp-json\/wp\/v2\/pages\/2\/revisions"}],"predecessor-version":[{"id":234,"href":"https:\/\/sklep.futrzon.pl\/index.php\/wp-json\/wp\/v2\/pages\/2\/revisions\/234"}],"wp:attachment":[{"href":"https:\/\/sklep.futrzon.pl\/index.php\/wp-json\/wp\/v2\/media?parent=2"}],"curies":[{"name":"wp","href":"https:\/\/api.w.org\/{rel}","templated":true}]}}