{"id":165,"date":"2022-01-30T18:42:12","date_gmt":"2022-01-30T17:42:12","guid":{"rendered":"https:\/\/sklep.futrzon.pl\/?page_id=165"},"modified":"2022-01-31T11:04:03","modified_gmt":"2022-01-31T10:04:03","slug":"dla-ciebie","status":"publish","type":"page","link":"https:\/\/sklep.futrzon.pl\/index.php\/dla-ciebie\/","title":{"rendered":"DLA CIEBIE"},"content":{"rendered":"<p>[vc_row][vc_column]<div class=\"porto-u-heading  wpb_custom_95aa9a11c17ad45cfabaf210d84ee7cc\" data-hspacer=\"no_spacer\" data-halign=\"center\" style=\"text-align:center\"><div class=\"porto-u-main-heading\"><h2  >BI\u017bUTERIA<\/h2><\/div><div class=\"porto-u-sub-heading\" style=\"\">\n<p style=\"text-align: center;\">Wyj\u0105tkowe kolczyki dla mi\u0142o\u015bnik\u00f3w naturalnego designu vinted, przyrody i zwierz\u0105t. Kolczyki wykonane ze srebra oraz z drewna osadzonego na stalowym sztyfcie.<\/p>\n<p><\/div><\/div><div id=\"porto-products-9668\" class=\"porto-products wpb_content_element \"><h2 class=\"section-title slider-title\"><span class=\"inline-title\">Srebrna<\/span><span class=\"line\"><\/span><\/h2><div class=\"slider-wrapper\"><div class=\"woocommerce columns-5 \"><\/div><\/div><\/div><div id=\"porto-products-8479\" class=\"porto-products wpb_content_element \"><h2 class=\"section-title slider-title\"><span class=\"inline-title\">Drewniana<\/span><span class=\"line\"><\/span><\/h2><div class=\"slider-wrapper\"><div class=\"woocommerce columns-5 \"><ul class=\"products products-container products-slider owl-carousel show-nav-middle pcols-lg-5 pcols-md-4 pcols-xs-3 pcols-ls-2 pwidth-lg-5 pwidth-md-4 pwidth-xs-2 pwidth-ls-1 is-shortcode\"\n\t\tdata-plugin-options=\"{&quot;themeConfig&quot;:true,&quot;lg&quot;:5,&quot;md&quot;:4,&quot;xs&quot;:3,&quot;ls&quot;:2,&quot;nav&quot;:true}\" data-cur_page=\"1\" data-max_page=\"1\" data-product_layout=\"product-default\">\n\n<li class=\"product-col product-default product type-product post-28 status-publish first onbackorder product_cat-bizuteria product_cat-dla-ciebie product_cat-drewniana has-post-thumbnail shipping-taxable purchasable product-type-simple\">\n<div class=\"product-inner\">\n\t\n\t<div class=\"product-image\">\n\n\t\t<a  href=\"https:\/\/sklep.futrzon.pl\/index.php\/product\/drewniane-kolczyki-z-motywem-zwierzecym\/\">\n\t\t\t<div class=\"inner\"><img width=\"300\" height=\"300\" src=\"https:\/\/sklep.futrzon.pl\/wp-content\/uploads\/2022\/01\/kolczyki-kotki-scaled-300x300.jpg\" class=\" wp-post-image\" alt=\"\" loading=\"lazy\" \/><\/div>\t\t<\/a>\n\t\t\t<\/div>\n\n\t<div class=\"product-content\">\n\t\t<span class=\"category-list\"><a href=\"https:\/\/sklep.futrzon.pl\/index.php\/product-category\/dla-ciebie\/bizuteria\/\" rel=\"tag\">BI\u017bUTERIA<\/a>, <a href=\"https:\/\/sklep.futrzon.pl\/index.php\/product-category\/dla-ciebie\/\" rel=\"tag\">DLA CIEBIE<\/a>, <a href=\"https:\/\/sklep.futrzon.pl\/index.php\/product-category\/dla-ciebie\/bizuteria\/drewniana\/\" rel=\"tag\">Drewniana<\/a><\/span>\n\t\t\t<a class=\"product-loop-title\"  href=\"https:\/\/sklep.futrzon.pl\/index.php\/product\/drewniane-kolczyki-z-motywem-zwierzecym\/\">\n\t<h3 class=\"woocommerce-loop-product__title\">Drewniane kolczyki z motywem zwierz\u0119cym &#8211; Kot<\/h3>\t<\/a>\n\t\n\t\t\n\t\t\t<\/div>\n<\/div>\n<\/li>\n\n<li class=\"product-col product-default product type-product post-33 status-publish onbackorder product_cat-bizuteria product_cat-dla-ciebie product_cat-drewniana has-post-thumbnail shipping-taxable purchasable product-type-simple\">\n<div class=\"product-inner\">\n\t\n\t<div class=\"product-image\">\n\n\t\t<a  href=\"https:\/\/sklep.futrzon.pl\/index.php\/product\/drewniane-kolczyki-z-motywem-zwierzecym-lapa\/\">\n\t\t\t<div class=\"inner\"><img width=\"300\" height=\"300\" src=\"https:\/\/sklep.futrzon.pl\/wp-content\/uploads\/2022\/01\/kolczyki-lapki-scaled-300x300.jpg\" class=\" wp-post-image\" alt=\"\" loading=\"lazy\" \/><\/div>\t\t<\/a>\n\t\t\t<\/div>\n\n\t<div class=\"product-content\">\n\t\t<span class=\"category-list\"><a href=\"https:\/\/sklep.futrzon.pl\/index.php\/product-category\/dla-ciebie\/bizuteria\/\" rel=\"tag\">BI\u017bUTERIA<\/a>, <a href=\"https:\/\/sklep.futrzon.pl\/index.php\/product-category\/dla-ciebie\/\" rel=\"tag\">DLA CIEBIE<\/a>, <a href=\"https:\/\/sklep.futrzon.pl\/index.php\/product-category\/dla-ciebie\/bizuteria\/drewniana\/\" rel=\"tag\">Drewniana<\/a><\/span>\n\t\t\t<a class=\"product-loop-title\"  href=\"https:\/\/sklep.futrzon.pl\/index.php\/product\/drewniane-kolczyki-z-motywem-zwierzecym-lapa\/\">\n\t<h3 class=\"woocommerce-loop-product__title\">Drewniane kolczyki z motywem zwierz\u0119cym &#8211; \u0141apa<\/h3>\t<\/a>\n\t\n\t\t\n\t\t\t<\/div>\n<\/div>\n<\/li>\n\n<li class=\"product-col product-default product type-product post-31 status-publish onbackorder product_cat-bizuteria product_cat-dla-ciebie product_cat-drewniana has-post-thumbnail shipping-taxable purchasable product-type-simple\">\n<div class=\"product-inner\">\n\t\n\t<div class=\"product-image\">\n\n\t\t<a  href=\"https:\/\/sklep.futrzon.pl\/index.php\/product\/drewniane-kolczyki-z-motywem-zwierzecym-wilk\/\">\n\t\t\t<div class=\"inner\"><img width=\"300\" height=\"300\" src=\"https:\/\/sklep.futrzon.pl\/wp-content\/uploads\/2022\/01\/kolczyki-scaled-300x300.jpg\" class=\" wp-post-image\" alt=\"\" loading=\"lazy\" \/><\/div>\t\t<\/a>\n\t\t\t<\/div>\n\n\t<div class=\"product-content\">\n\t\t<span class=\"category-list\"><a href=\"https:\/\/sklep.futrzon.pl\/index.php\/product-category\/dla-ciebie\/bizuteria\/\" rel=\"tag\">BI\u017bUTERIA<\/a>, <a href=\"https:\/\/sklep.futrzon.pl\/index.php\/product-category\/dla-ciebie\/\" rel=\"tag\">DLA CIEBIE<\/a>, <a href=\"https:\/\/sklep.futrzon.pl\/index.php\/product-category\/dla-ciebie\/bizuteria\/drewniana\/\" rel=\"tag\">Drewniana<\/a><\/span>\n\t\t\t<a class=\"product-loop-title\"  href=\"https:\/\/sklep.futrzon.pl\/index.php\/product\/drewniane-kolczyki-z-motywem-zwierzecym-wilk\/\">\n\t<h3 class=\"woocommerce-loop-product__title\">Drewniane kolczyki z motywem zwierz\u0119cym &#8211; Wilk<\/h3>\t<\/a>\n\t\n\t\t\n\t\t\t<\/div>\n<\/div>\n<\/li>\n<\/ul>\n<\/div><\/div><\/div>[\/vc_column][\/vc_row]<\/p>\n","protected":false},"excerpt":{"rendered":"<p>[vc_row][vc_column][\/vc_column][\/vc_row]<\/p>\n","protected":false},"author":1,"featured_media":0,"parent":0,"menu_order":0,"comment_status":"closed","ping_status":"closed","template":"","meta":[],"_links":{"self":[{"href":"https:\/\/sklep.futrzon.pl\/index.php\/wp-json\/wp\/v2\/pages\/165"}],"collection":[{"href":"https:\/\/sklep.futrzon.pl\/index.php\/wp-json\/wp\/v2\/pages"}],"about":[{"href":"https:\/\/sklep.futrzon.pl\/index.php\/wp-json\/wp\/v2\/types\/page"}],"author":[{"embeddable":true,"href":"https:\/\/sklep.futrzon.pl\/index.php\/wp-json\/wp\/v2\/users\/1"}],"replies":[{"embeddable":true,"href":"https:\/\/sklep.futrzon.pl\/index.php\/wp-json\/wp\/v2\/comments?post=165"}],"version-history":[{"count":8,"href":"https:\/\/sklep.futrzon.pl\/index.php\/wp-json\/wp\/v2\/pages\/165\/revisions"}],"predecessor-version":[{"id":167,"href":"https:\/\/sklep.futrzon.pl\/index.php\/wp-json\/wp\/v2\/pages\/165\/revisions\/167"}],"wp:attachment":[{"href":"https:\/\/sklep.futrzon.pl\/index.php\/wp-json\/wp\/v2\/media?parent=165"}],"curies":[{"name":"wp","href":"https:\/\/api.w.org\/{rel}","templated":true}]}}