{"id":158,"date":"2022-01-30T18:23:32","date_gmt":"2022-01-30T17:23:32","guid":{"rendered":"https:\/\/sklep.futrzon.pl\/?page_id=158"},"modified":"2022-01-31T12:41:11","modified_gmt":"2022-01-31T11:41:11","slug":"zwierzeta","status":"publish","type":"page","link":"https:\/\/sklep.futrzon.pl\/index.php\/zwierzeta\/","title":{"rendered":"ZWIERZ\u0118TA"},"content":{"rendered":"<p>[vc_row][vc_column]<div class=\"porto-u-heading  wpb_custom_95aa9a11c17ad45cfabaf210d84ee7cc\" data-hspacer=\"no_spacer\" data-halign=\"center\" style=\"text-align:center\"><div class=\"porto-u-main-heading\"><h2  >CBD DLA ZWIERZ\u0104T<\/h2><\/div><div class=\"porto-u-sub-heading\" style=\"\">\n<p style=\"text-align: center;\">CBD to organiczny zwi\u0105zek chemiczny z grupy kannabinoid\u00f3w wyst\u0119puj\u0105cych w konopiach.<\/p>\n<p><\/div><\/div><div id=\"porto-products-2822\" class=\"porto-products wpb_content_element \"><div class=\"woocommerce columns-5 \"><ul class=\"products products-container grid show-nav-middle pcols-lg-5 pcols-md-4 pcols-xs-3 pcols-ls-2 pwidth-lg-5 pwidth-md-4 pwidth-xs-2 pwidth-ls-1 is-shortcode\"\n\t data-cur_page=\"1\" data-max_page=\"1\" data-product_layout=\"product-default\">\n\n<li class=\"product-col product-default product type-product post-55 status-publish first onbackorder product_cat-cbd-dla-zwierzat product_cat-zwierzaki product_tag-cbd product_tag-olejek has-post-thumbnail shipping-taxable purchasable product-type-simple\">\n<div class=\"product-inner\">\n\t\n\t<div class=\"product-image\">\n\n\t\t<a  href=\"https:\/\/sklep.futrzon.pl\/index.php\/product\/olejek-cbd-2-10-ml\/\">\n\t\t\t<div class=\"inner img-effect\"><img width=\"300\" height=\"300\" src=\"https:\/\/sklep.futrzon.pl\/wp-content\/uploads\/2022\/01\/2proc-10-ml-300x300.png\" class=\" wp-post-image\" alt=\"\" loading=\"lazy\" \/><img width=\"300\" height=\"300\" src=\"https:\/\/sklep.futrzon.pl\/wp-content\/uploads\/2022\/01\/2proc-10-ml_1-300x300.png\" class=\"hover-image\" alt=\"\" loading=\"lazy\" \/><\/div>\t\t<\/a>\n\t\t\t<\/div>\n\n\t<div class=\"product-content\">\n\t\t<span class=\"category-list\"><a href=\"https:\/\/sklep.futrzon.pl\/index.php\/product-category\/zwierzaki\/cbd-dla-zwierzat\/\" rel=\"tag\">CBD dla zwierz\u0105t<\/a>, <a href=\"https:\/\/sklep.futrzon.pl\/index.php\/product-category\/zwierzaki\/\" rel=\"tag\">ZWIERZAKI<\/a><\/span>\n\t\t\t<a class=\"product-loop-title\"  href=\"https:\/\/sklep.futrzon.pl\/index.php\/product\/olejek-cbd-2-10-ml\/\">\n\t<h3 class=\"woocommerce-loop-product__title\">Olejek CBD 2% &#8211; 10 ml<\/h3>\t<\/a>\n\t\n\t\t\n\t\t\t<\/div>\n<\/div>\n<\/li>\n\n<li class=\"product-col product-default product type-product post-66 status-publish onbackorder product_cat-cbd-dla-zwierzat product_cat-zwierzaki product_tag-cbd product_tag-olejek has-post-thumbnail shipping-taxable purchasable product-type-simple\">\n<div class=\"product-inner\">\n\t\n\t<div class=\"product-image\">\n\n\t\t<a  href=\"https:\/\/sklep.futrzon.pl\/index.php\/product\/olejek-cbd-2-30-ml\/\">\n\t\t\t<div class=\"inner img-effect\"><img width=\"300\" height=\"300\" src=\"https:\/\/sklep.futrzon.pl\/wp-content\/uploads\/2022\/01\/2proc-30-ml-300x300.png\" class=\" wp-post-image\" alt=\"\" loading=\"lazy\" \/><img width=\"300\" height=\"300\" src=\"https:\/\/sklep.futrzon.pl\/wp-content\/uploads\/2022\/01\/2proc-30-ml_1-300x300.png\" class=\"hover-image\" alt=\"\" loading=\"lazy\" \/><\/div>\t\t<\/a>\n\t\t\t<\/div>\n\n\t<div class=\"product-content\">\n\t\t<span class=\"category-list\"><a href=\"https:\/\/sklep.futrzon.pl\/index.php\/product-category\/zwierzaki\/cbd-dla-zwierzat\/\" rel=\"tag\">CBD dla zwierz\u0105t<\/a>, <a href=\"https:\/\/sklep.futrzon.pl\/index.php\/product-category\/zwierzaki\/\" rel=\"tag\">ZWIERZAKI<\/a><\/span>\n\t\t\t<a class=\"product-loop-title\"  href=\"https:\/\/sklep.futrzon.pl\/index.php\/product\/olejek-cbd-2-30-ml\/\">\n\t<h3 class=\"woocommerce-loop-product__title\">Olejek CBD 2% 30 ml<\/h3>\t<\/a>\n\t\n\t\t\n\t\t\t<\/div>\n<\/div>\n<\/li>\n\n<li class=\"product-col product-default product type-product post-69 status-publish onbackorder product_cat-cbd-dla-zwierzat product_cat-zwierzaki product_tag-cbd product_tag-olejek has-post-thumbnail shipping-taxable purchasable product-type-simple\">\n<div class=\"product-inner\">\n\t\n\t<div class=\"product-image\">\n\n\t\t<a  href=\"https:\/\/sklep.futrzon.pl\/index.php\/product\/olejek-cbd-4-10-ml\/\">\n\t\t\t<div class=\"inner img-effect\"><img width=\"300\" height=\"300\" src=\"https:\/\/sklep.futrzon.pl\/wp-content\/uploads\/2022\/01\/4proc-10-ml-300x300.png\" class=\" wp-post-image\" alt=\"\" loading=\"lazy\" \/><img width=\"300\" height=\"300\" src=\"https:\/\/sklep.futrzon.pl\/wp-content\/uploads\/2022\/01\/4proc-10-ml_1-300x300.png\" class=\"hover-image\" alt=\"\" loading=\"lazy\" \/><\/div>\t\t<\/a>\n\t\t\t<\/div>\n\n\t<div class=\"product-content\">\n\t\t<span class=\"category-list\"><a href=\"https:\/\/sklep.futrzon.pl\/index.php\/product-category\/zwierzaki\/cbd-dla-zwierzat\/\" rel=\"tag\">CBD dla zwierz\u0105t<\/a>, <a href=\"https:\/\/sklep.futrzon.pl\/index.php\/product-category\/zwierzaki\/\" rel=\"tag\">ZWIERZAKI<\/a><\/span>\n\t\t\t<a class=\"product-loop-title\"  href=\"https:\/\/sklep.futrzon.pl\/index.php\/product\/olejek-cbd-4-10-ml\/\">\n\t<h3 class=\"woocommerce-loop-product__title\">Olejek CBD 4% 10 ml<\/h3>\t<\/a>\n\t\n\t\t\n\t\t\t<\/div>\n<\/div>\n<\/li>\n\n<li class=\"product-col product-default product type-product post-73 status-publish onbackorder product_cat-cbd-dla-zwierzat product_cat-zwierzaki product_tag-cbd product_tag-olejek has-post-thumbnail shipping-taxable purchasable product-type-simple\">\n<div class=\"product-inner\">\n\t\n\t<div class=\"product-image\">\n\n\t\t<a  href=\"https:\/\/sklep.futrzon.pl\/index.php\/product\/olejek-cbd-4-30-ml\/\">\n\t\t\t<div class=\"inner img-effect\"><img width=\"300\" height=\"300\" src=\"https:\/\/sklep.futrzon.pl\/wp-content\/uploads\/2022\/01\/4proc-30-ml-300x300.png\" class=\" wp-post-image\" alt=\"\" loading=\"lazy\" \/><img width=\"300\" height=\"300\" src=\"https:\/\/sklep.futrzon.pl\/wp-content\/uploads\/2022\/01\/4proc-30-ml_1-300x300.png\" class=\"hover-image\" alt=\"\" loading=\"lazy\" \/><\/div>\t\t<\/a>\n\t\t\t<\/div>\n\n\t<div class=\"product-content\">\n\t\t<span class=\"category-list\"><a href=\"https:\/\/sklep.futrzon.pl\/index.php\/product-category\/zwierzaki\/cbd-dla-zwierzat\/\" rel=\"tag\">CBD dla zwierz\u0105t<\/a>, <a href=\"https:\/\/sklep.futrzon.pl\/index.php\/product-category\/zwierzaki\/\" rel=\"tag\">ZWIERZAKI<\/a><\/span>\n\t\t\t<a class=\"product-loop-title\"  href=\"https:\/\/sklep.futrzon.pl\/index.php\/product\/olejek-cbd-4-30-ml\/\">\n\t<h3 class=\"woocommerce-loop-product__title\">Olejek CBD 4% 30 ml<\/h3>\t<\/a>\n\t\n\t\t\n\t\t\t<\/div>\n<\/div>\n<\/li>\n\n<li class=\"product-col product-default product type-product post-76 status-publish last onbackorder product_cat-cbd-dla-zwierzat product_cat-zwierzaki product_tag-cbd product_tag-olejek has-post-thumbnail shipping-taxable purchasable product-type-simple\">\n<div class=\"product-inner\">\n\t\n\t<div class=\"product-image\">\n\n\t\t<a  href=\"https:\/\/sklep.futrzon.pl\/index.php\/product\/olejek-cbd-6-10-ml\/\">\n\t\t\t<div class=\"inner img-effect\"><img width=\"300\" height=\"300\" src=\"https:\/\/sklep.futrzon.pl\/wp-content\/uploads\/2022\/01\/6proc-10-ml-300x300.png\" class=\" wp-post-image\" alt=\"\" loading=\"lazy\" \/><img width=\"300\" height=\"300\" src=\"https:\/\/sklep.futrzon.pl\/wp-content\/uploads\/2022\/01\/6proc-10-ml_1-300x300.png\" class=\"hover-image\" alt=\"\" loading=\"lazy\" \/><\/div>\t\t<\/a>\n\t\t\t<\/div>\n\n\t<div class=\"product-content\">\n\t\t<span class=\"category-list\"><a href=\"https:\/\/sklep.futrzon.pl\/index.php\/product-category\/zwierzaki\/cbd-dla-zwierzat\/\" rel=\"tag\">CBD dla zwierz\u0105t<\/a>, <a href=\"https:\/\/sklep.futrzon.pl\/index.php\/product-category\/zwierzaki\/\" rel=\"tag\">ZWIERZAKI<\/a><\/span>\n\t\t\t<a class=\"product-loop-title\"  href=\"https:\/\/sklep.futrzon.pl\/index.php\/product\/olejek-cbd-6-10-ml\/\">\n\t<h3 class=\"woocommerce-loop-product__title\">Olejek CBD 6% 10 ml<\/h3>\t<\/a>\n\t\n\t\t\n\t\t\t<\/div>\n<\/div>\n<\/li>\n\n<li class=\"product-col product-default product type-product post-79 status-publish first onbackorder product_cat-cbd-dla-zwierzat product_cat-zwierzaki product_tag-cbd product_tag-olejek has-post-thumbnail shipping-taxable purchasable product-type-simple\">\n<div class=\"product-inner\">\n\t\n\t<div class=\"product-image\">\n\n\t\t<a  href=\"https:\/\/sklep.futrzon.pl\/index.php\/product\/olejek-cbd-6-30-ml\/\">\n\t\t\t<div class=\"inner img-effect\"><img width=\"300\" height=\"300\" src=\"https:\/\/sklep.futrzon.pl\/wp-content\/uploads\/2022\/01\/6proc-30-ml-300x300.png\" class=\" wp-post-image\" alt=\"\" loading=\"lazy\" \/><img width=\"300\" height=\"300\" src=\"https:\/\/sklep.futrzon.pl\/wp-content\/uploads\/2022\/01\/6proc-30-ml_1-300x300.png\" class=\"hover-image\" alt=\"\" loading=\"lazy\" \/><\/div>\t\t<\/a>\n\t\t\t<\/div>\n\n\t<div class=\"product-content\">\n\t\t<span class=\"category-list\"><a href=\"https:\/\/sklep.futrzon.pl\/index.php\/product-category\/zwierzaki\/cbd-dla-zwierzat\/\" rel=\"tag\">CBD dla zwierz\u0105t<\/a>, <a href=\"https:\/\/sklep.futrzon.pl\/index.php\/product-category\/zwierzaki\/\" rel=\"tag\">ZWIERZAKI<\/a><\/span>\n\t\t\t<a class=\"product-loop-title\"  href=\"https:\/\/sklep.futrzon.pl\/index.php\/product\/olejek-cbd-6-30-ml\/\">\n\t<h3 class=\"woocommerce-loop-product__title\">Olejek CBD 6% 30 ml<\/h3>\t<\/a>\n\t\n\t\t\n\t\t\t<\/div>\n<\/div>\n<\/li>\n\n<li class=\"product-col product-default product type-product post-82 status-publish onbackorder product_cat-cbd-dla-zwierzat product_cat-zwierzaki product_tag-cbd product_tag-olejek has-post-thumbnail shipping-taxable purchasable product-type-simple\">\n<div class=\"product-inner\">\n\t\n\t<div class=\"product-image\">\n\n\t\t<a  href=\"https:\/\/sklep.futrzon.pl\/index.php\/product\/olejek-cbd-8-10-ml\/\">\n\t\t\t<div class=\"inner img-effect\"><img width=\"300\" height=\"300\" src=\"https:\/\/sklep.futrzon.pl\/wp-content\/uploads\/2022\/01\/8proc-10-ml-1-300x300.png\" class=\" wp-post-image\" alt=\"\" loading=\"lazy\" \/><img width=\"300\" height=\"300\" src=\"https:\/\/sklep.futrzon.pl\/wp-content\/uploads\/2022\/01\/8proc-10-ml_1-300x300.png\" class=\"hover-image\" alt=\"\" loading=\"lazy\" \/><\/div>\t\t<\/a>\n\t\t\t<\/div>\n\n\t<div class=\"product-content\">\n\t\t<span class=\"category-list\"><a href=\"https:\/\/sklep.futrzon.pl\/index.php\/product-category\/zwierzaki\/cbd-dla-zwierzat\/\" rel=\"tag\">CBD dla zwierz\u0105t<\/a>, <a href=\"https:\/\/sklep.futrzon.pl\/index.php\/product-category\/zwierzaki\/\" rel=\"tag\">ZWIERZAKI<\/a><\/span>\n\t\t\t<a class=\"product-loop-title\"  href=\"https:\/\/sklep.futrzon.pl\/index.php\/product\/olejek-cbd-8-10-ml\/\">\n\t<h3 class=\"woocommerce-loop-product__title\">Olejek CBD 8% 10 ml<\/h3>\t<\/a>\n\t\n\t\t\n\t\t\t<\/div>\n<\/div>\n<\/li>\n\n<li class=\"product-col product-default product type-product post-86 status-publish onbackorder product_cat-cbd-dla-zwierzat product_cat-zwierzaki product_tag-cbd product_tag-olejek has-post-thumbnail shipping-taxable purchasable product-type-simple\">\n<div class=\"product-inner\">\n\t\n\t<div class=\"product-image\">\n\n\t\t<a  href=\"https:\/\/sklep.futrzon.pl\/index.php\/product\/olejek-cbd-8-30-ml\/\">\n\t\t\t<div class=\"inner img-effect\"><img width=\"300\" height=\"300\" src=\"https:\/\/sklep.futrzon.pl\/wp-content\/uploads\/2022\/01\/8proc-30-ml-300x300.png\" class=\" wp-post-image\" alt=\"\" loading=\"lazy\" \/><img width=\"300\" height=\"300\" src=\"https:\/\/sklep.futrzon.pl\/wp-content\/uploads\/2022\/01\/8proc-30-ml_1-300x300.png\" class=\"hover-image\" alt=\"\" loading=\"lazy\" \/><\/div>\t\t<\/a>\n\t\t\t<\/div>\n\n\t<div class=\"product-content\">\n\t\t<span class=\"category-list\"><a href=\"https:\/\/sklep.futrzon.pl\/index.php\/product-category\/zwierzaki\/cbd-dla-zwierzat\/\" rel=\"tag\">CBD dla zwierz\u0105t<\/a>, <a href=\"https:\/\/sklep.futrzon.pl\/index.php\/product-category\/zwierzaki\/\" rel=\"tag\">ZWIERZAKI<\/a><\/span>\n\t\t\t<a class=\"product-loop-title\"  href=\"https:\/\/sklep.futrzon.pl\/index.php\/product\/olejek-cbd-8-30-ml\/\">\n\t<h3 class=\"woocommerce-loop-product__title\">Olejek CBD 8% 30 ml<\/h3>\t<\/a>\n\t\n\t\t\n\t\t\t<\/div>\n<\/div>\n<\/li>\n<\/ul>\n<\/div><\/div>[\/vc_column][\/vc_row][vc_row][vc_column]<div class=\"porto-u-heading  wpb_custom_95aa9a11c17ad45cfabaf210d84ee7cc\" data-hspacer=\"no_spacer\" data-halign=\"center\" style=\"text-align:center\"><div class=\"porto-u-main-heading\"><h2  >OBRO\u017bE<\/h2><\/div><\/div><div id=\"porto-products-6685\" class=\"porto-products wpb_content_element \"><div class=\"slider-wrapper\"><div class=\"woocommerce columns-5 \"><ul class=\"products products-container products-slider owl-carousel show-nav-middle pcols-lg-5 pcols-md-4 pcols-xs-3 pcols-ls-2 pwidth-lg-5 pwidth-md-4 pwidth-xs-2 pwidth-ls-1 is-shortcode\"\n\t\tdata-plugin-options=\"{&quot;themeConfig&quot;:true,&quot;lg&quot;:5,&quot;md&quot;:4,&quot;xs&quot;:3,&quot;ls&quot;:2,&quot;nav&quot;:true}\" data-cur_page=\"1\" data-max_page=\"1\" data-product_layout=\"product-default\">\n\n<li class=\"product-col product-default product type-product post-22 status-publish first onbackorder product_cat-obroze product_cat-zwierzaki product_tag-obroza product_tag-odblaskowa product_tag-swiecace product_tag-zwierzaki has-post-thumbnail shipping-taxable purchasable product-type-simple\">\n<div class=\"product-inner\">\n\t\n\t<div class=\"product-image\">\n\n\t\t<a  href=\"https:\/\/sklep.futrzon.pl\/index.php\/product\/obroze-swiecace-w-ciemnosci-niebieska\/\">\n\t\t\t<div class=\"inner img-effect\"><img width=\"300\" height=\"300\" src=\"https:\/\/sklep.futrzon.pl\/wp-content\/uploads\/2022\/01\/obroza-niebieska-scaled-300x300.jpg\" class=\" wp-post-image\" alt=\"Obro\u017ce \u015bwiec\u0105ce w ciemno\u015bci - Niebieska\" loading=\"lazy\" \/><img width=\"300\" height=\"300\" src=\"https:\/\/sklep.futrzon.pl\/wp-content\/uploads\/2022\/01\/obroza-pies-scaled-300x300.jpg\" class=\"hover-image\" alt=\"Obro\u017ce \u015bwiec\u0105ce w ciemno\u015bci - Niebieska\" loading=\"lazy\" \/><\/div>\t\t<\/a>\n\t\t\t<\/div>\n\n\t<div class=\"product-content\">\n\t\t<span class=\"category-list\"><a href=\"https:\/\/sklep.futrzon.pl\/index.php\/product-category\/zwierzaki\/obroze\/\" rel=\"tag\">OBRO\u017bE<\/a>, <a href=\"https:\/\/sklep.futrzon.pl\/index.php\/product-category\/zwierzaki\/\" rel=\"tag\">ZWIERZAKI<\/a><\/span>\n\t\t\t<a class=\"product-loop-title\"  href=\"https:\/\/sklep.futrzon.pl\/index.php\/product\/obroze-swiecace-w-ciemnosci-niebieska\/\">\n\t<h3 class=\"woocommerce-loop-product__title\">Obro\u017ce \u015bwiec\u0105ce w ciemno\u015bci &#8211; Niebieska<\/h3>\t<\/a>\n\t\n\t\t\n\t\t\t<\/div>\n<\/div>\n<\/li>\n\n<li class=\"product-col product-default product type-product post-37 status-publish onbackorder product_cat-obroze product_cat-zwierzaki product_tag-obroza product_tag-odblaskowa product_tag-swiecace product_tag-zwierzaki has-post-thumbnail shipping-taxable purchasable product-type-simple\">\n<div class=\"product-inner\">\n\t\n\t<div class=\"product-image\">\n\n\t\t<a  href=\"https:\/\/sklep.futrzon.pl\/index.php\/product\/obroze-swiecace-w-ciemnosci-rozowa\/\">\n\t\t\t<div class=\"inner img-effect\"><img width=\"300\" height=\"300\" src=\"https:\/\/sklep.futrzon.pl\/wp-content\/uploads\/2022\/01\/obroza-czerwona-scaled-300x300.jpg\" class=\" wp-post-image\" alt=\"\" loading=\"lazy\" \/><img width=\"300\" height=\"300\" src=\"https:\/\/sklep.futrzon.pl\/wp-content\/uploads\/2022\/01\/obroza-czerowna2-scaled-300x300.jpg\" class=\"hover-image\" alt=\"\" loading=\"lazy\" \/><\/div>\t\t<\/a>\n\t\t\t<\/div>\n\n\t<div class=\"product-content\">\n\t\t<span class=\"category-list\"><a href=\"https:\/\/sklep.futrzon.pl\/index.php\/product-category\/zwierzaki\/obroze\/\" rel=\"tag\">OBRO\u017bE<\/a>, <a href=\"https:\/\/sklep.futrzon.pl\/index.php\/product-category\/zwierzaki\/\" rel=\"tag\">ZWIERZAKI<\/a><\/span>\n\t\t\t<a class=\"product-loop-title\"  href=\"https:\/\/sklep.futrzon.pl\/index.php\/product\/obroze-swiecace-w-ciemnosci-rozowa\/\">\n\t<h3 class=\"woocommerce-loop-product__title\">Obro\u017ce \u015bwiec\u0105ce w ciemno\u015bci &#8211; R\u00f3\u017cowa<\/h3>\t<\/a>\n\t\n\t\t\n\t\t\t<\/div>\n<\/div>\n<\/li>\n<\/ul>\n<\/div><\/div><\/div>[\/vc_column][\/vc_row][vc_row][vc_column]<div class=\"porto-u-heading  wpb_custom_95aa9a11c17ad45cfabaf210d84ee7cc\" data-hspacer=\"no_spacer\" data-halign=\"center\" style=\"text-align:center\"><div class=\"porto-u-main-heading\"><h2  >ZABAWKI<\/h2><\/div><\/div><div id=\"porto-products-9241\" class=\"porto-products wpb_content_element \"><div class=\"slider-wrapper\"><div class=\"woocommerce columns-5 \"><ul class=\"products products-container products-slider owl-carousel show-nav-middle pcols-lg-5 pcols-md-4 pcols-xs-3 pcols-ls-2 pwidth-lg-5 pwidth-md-4 pwidth-xs-2 pwidth-ls-1 is-shortcode\"\n\t\tdata-plugin-options=\"{&quot;themeConfig&quot;:true,&quot;lg&quot;:5,&quot;md&quot;:4,&quot;xs&quot;:3,&quot;ls&quot;:2,&quot;nav&quot;:true}\" data-cur_page=\"1\" data-max_page=\"1\" data-product_layout=\"product-default\">\n\n<li class=\"product-col product-default product type-product post-46 status-publish first onbackorder product_cat-zabawki product_cat-zwierzaki product_tag-kaczka product_tag-zabawka product_tag-zwierzaki has-post-thumbnail shipping-taxable purchasable product-type-simple\">\n<div class=\"product-inner\">\n\t\n\t<div class=\"product-image\">\n\n\t\t<a  href=\"https:\/\/sklep.futrzon.pl\/index.php\/product\/zabawka-dla-psa-kaczka\/\">\n\t\t\t<div class=\"inner\"><img width=\"300\" height=\"300\" src=\"https:\/\/sklep.futrzon.pl\/wp-content\/uploads\/2022\/01\/zabawka-300x300.jpg\" class=\" wp-post-image\" alt=\"\" loading=\"lazy\" \/><\/div>\t\t<\/a>\n\t\t\t<\/div>\n\n\t<div class=\"product-content\">\n\t\t<span class=\"category-list\"><a href=\"https:\/\/sklep.futrzon.pl\/index.php\/product-category\/zwierzaki\/zabawki\/\" rel=\"tag\">ZABAWKI<\/a>, <a href=\"https:\/\/sklep.futrzon.pl\/index.php\/product-category\/zwierzaki\/\" rel=\"tag\">ZWIERZAKI<\/a><\/span>\n\t\t\t<a class=\"product-loop-title\"  href=\"https:\/\/sklep.futrzon.pl\/index.php\/product\/zabawka-dla-psa-kaczka\/\">\n\t<h3 class=\"woocommerce-loop-product__title\">Zabawka dla psa \u2013 kaczka<\/h3>\t<\/a>\n\t\n\t\t\n\t\t\t<\/div>\n<\/div>\n<\/li>\n<\/ul>\n<\/div><\/div><\/div>[\/vc_column][\/vc_row]<\/p>\n","protected":false},"excerpt":{"rendered":"<p>[vc_row][vc_column][\/vc_column][\/vc_row][vc_row][vc_column][\/vc_column][\/vc_row][vc_row][vc_column][\/vc_column][\/vc_row]<\/p>\n","protected":false},"author":1,"featured_media":0,"parent":0,"menu_order":0,"comment_status":"closed","ping_status":"closed","template":"","meta":[],"_links":{"self":[{"href":"https:\/\/sklep.futrzon.pl\/index.php\/wp-json\/wp\/v2\/pages\/158"}],"collection":[{"href":"https:\/\/sklep.futrzon.pl\/index.php\/wp-json\/wp\/v2\/pages"}],"about":[{"href":"https:\/\/sklep.futrzon.pl\/index.php\/wp-json\/wp\/v2\/types\/page"}],"author":[{"embeddable":true,"href":"https:\/\/sklep.futrzon.pl\/index.php\/wp-json\/wp\/v2\/users\/1"}],"replies":[{"embeddable":true,"href":"https:\/\/sklep.futrzon.pl\/index.php\/wp-json\/wp\/v2\/comments?post=158"}],"version-history":[{"count":7,"href":"https:\/\/sklep.futrzon.pl\/index.php\/wp-json\/wp\/v2\/pages\/158\/revisions"}],"predecessor-version":[{"id":200,"href":"https:\/\/sklep.futrzon.pl\/index.php\/wp-json\/wp\/v2\/pages\/158\/revisions\/200"}],"wp:attachment":[{"href":"https:\/\/sklep.futrzon.pl\/index.php\/wp-json\/wp\/v2\/media?parent=158"}],"curies":[{"name":"wp","href":"https:\/\/api.w.org\/{rel}","templated":true}]}}